{"id":12604,"date":"2026-01-04T00:34:10","date_gmt":"2026-01-03T23:34:10","guid":{"rendered":"https:\/\/oponyexpert.shop\/xef5\/produkt\/2-opony-zimowe-205-45r18-90h-goodyear-ug-performance-g1\/"},"modified":"2026-01-04T00:34:10","modified_gmt":"2026-01-03T23:34:10","slug":"2-opony-zimowe-205-45r18-90h-goodyear-ug-performance-g1","status":"publish","type":"product","link":"https:\/\/oponaro.shop\/tire\/produkt\/2-opony-zimowe-205-45r18-90h-goodyear-ug-performance-g1\/","title":{"rendered":"2 opony zimowe 205\/45R18 90H GOODYEAR UG PERFORMANCE G1"},"content":{"rendered":"<div style=\"font-family: Arial, sans-serif; line-height: 1.6; color: #333; padding: 20px; clear: both; display: block; width: 100%; float: none; position: static; overflow: hidden;\">\n<div style=\"clear: both; display: block; margin: 10px 0;\">\n<div style=\"clear: both; display: block; margin: 10px 0;\">\n<div style=\"clear: both; display: block; margin: 10px 0;\">\n<ul style=\"margin: 15px 0; padding-left: 20px; clear: both; display: block; width: 100%; float: none; position: static;\">\n<li style=\"margin: 5px 0; padding: 2px 0; clear: both; display: list-item; float: none; position: static;\">MARKA\/MODEL: <b>GOODYEAR Ultra Grip Performance G1 *<\/b><\/li>\n<li style=\"margin: 5px 0; padding: 2px 0; clear: both; display: list-item; float: none; position: static;\">ROZMIAR OPON: <b> 205\/45R18<\/b><\/li>\n<li style=\"margin: 5px 0; padding: 2px 0; clear: both; display: list-item; float: none; position: static;\">INDEKS PR\u0118DKO\u015aCI: <b>H<\/b><\/li>\n<li style=\"margin: 5px 0; padding: 2px 0; clear: both; display: list-item; float: none; position: static;\">INDEKS NO\u015aNO\u015aCI: <b>90 XL<\/b><\/li>\n<li style=\"margin: 5px 0; padding: 2px 0; clear: both; display: list-item; float: none; position: static;\">DATA PRODUKCJI: <b>nie starsze ni\u017c 2022<\/b><\/li>\n<li style=\"margin: 5px 0; padding: 2px 0; clear: both; display: list-item; float: none; position: static;\">SEZON: <b>Zimowe<\/b><\/li>\n<li style=\"margin: 5px 0; padding: 2px 0; clear: both; display: list-item; float: none; position: static;\">STAN: <b>Nowy<\/b><\/li>\n<li style=\"margin: 5px 0; padding: 2px 0; clear: both; display: list-item; float: none; position: static;\">RANT OCHRONNY NA FELG\u0118: <b>Brak<\/b><\/li>\n<li style=\"margin: 5px 0; padding: 2px 0; clear: both; display: list-item; float: none; position: static;\">DODATKOWE OZNACZENIA: <\/li>\n<\/ul>\n<\/div>\n<\/div>\n<div style=\"clear: both; display: block; margin: 10px 0;\">\n<div style=\"clear: both; display: block; margin: 10px 0;\">\n<div  style=\"max-width:500px;max-height:500px\">\n<div style=\"clear: both; display: block; margin: 10px 0;\">\n<div style=\"clear: both; width: 100%; display: block; margin: 20px 0; padding: 0; float: none; position: static; text-align: center;\"><img decoding=\"async\"  src=\"https:\/\/a.allegroimg.com\/original\/111d9a\/9da6801c4db093253e14637b7fef\/2-opony-zimowe-205-45R18-90H-GOODYEAR-UG-PERFORMANCE-G1\" srcset=\"https:\/\/a.allegroimg.com\/original\/111d9a\/9da6801c4db093253e14637b7fef\/2-opony-zimowe-205-45R18-90H-GOODYEAR-UG-PERFORMANCE-G1 360w,https:\/\/a.allegroimg.com\/original\/111d9a\/9da6801c4db093253e14637b7fef\/2-opony-zimowe-205-45R18-90H-GOODYEAR-UG-PERFORMANCE-G1 500w,https:\/\/a.allegroimg.com\/original\/111d9a\/9da6801c4db093253e14637b7fef\/2-opony-zimowe-205-45R18-90H-GOODYEAR-UG-PERFORMANCE-G1 500w\" sizes=\"(min-width: 1200px) 560px, (min-width: 992px) 50vw, 100vw\" width=\"500px\" alt=\"2 opony zimowe 205\/45R18 90H GOODYEAR UG PERFORMANCE G1\"\/ style=\"max-width: 100%; height: auto; display: block; margin: 0 auto;\"><\/div>\n<\/div>\n<\/div>\n<\/div>\n<\/div>\n<\/div>\n<div style=\"clear: both; display: block; margin: 10px 0;\">\n<div style=\"clear: both; display: block; margin: 10px 0;\">\n<div style=\"clear: both; display: block; margin: 10px 0;\">\n<div  style=\"max-width:516px;max-height:97px\">\n<div style=\"clear: both; display: block; margin: 10px 0;\">\n<div style=\"clear: both; width: 100%; display: block; margin: 20px 0; padding: 0; float: none; position: static; text-align: center;\"><img decoding=\"async\"  src=\"https:\/\/a.allegroimg.com\/original\/116a63\/0fde3e2c413c8194c7e542dc0e42\/2-opony-zimowe-205-45R18-90H-GOODYEAR-UG-PERFORMANCE-G1-Liczba-opon-w-ofercie-2-szt\" srcset=\"https:\/\/a.allegroimg.com\/original\/116a63\/0fde3e2c413c8194c7e542dc0e42\/2-opony-zimowe-205-45R18-90H-GOODYEAR-UG-PERFORMANCE-G1-Liczba-opon-w-ofercie-2-szt 360w,https:\/\/a.allegroimg.com\/original\/116a63\/0fde3e2c413c8194c7e542dc0e42\/2-opony-zimowe-205-45R18-90H-GOODYEAR-UG-PERFORMANCE-G1-Liczba-opon-w-ofercie-2-szt 516w,https:\/\/a.allegroimg.com\/original\/116a63\/0fde3e2c413c8194c7e542dc0e42\/2-opony-zimowe-205-45R18-90H-GOODYEAR-UG-PERFORMANCE-G1-Liczba-opon-w-ofercie-2-szt 516w\" sizes=\"(min-width: 1200px) 560px, (min-width: 992px) 50vw, 100vw\" width=\"516px\" alt=\"2 opony zimowe 205\/45R18 90H GOODYEAR UG PERFORMANCE G1 Liczba opon w ofercie 2 szt.\"\/ style=\"max-width: 100%; height: auto; display: block; margin: 0 auto;\"><\/div>\n<\/div>\n<\/div>\n<\/div>\n<\/div>\n<div style=\"clear: both; display: block; margin: 10px 0;\">\n<div style=\"clear: both; display: block; margin: 10px 0;\">\n<p style=\"margin: 15px 0; line-height: 1.8; clear: both; display: block; width: 100%; float: none; position: static;\"><b>Goodyear<\/b> Tire and Rubber Company powsta\u0142 w 1898 roku w Stanach Zjednoczonych. Trzeci pod wzgl\u0119dem wielko\u015bci producent opon i gumy na \u015bwiecie. Koncern produkuje opony na potrzeby przemys\u0142u samochodowego, lotniczego, sport\u00f3w motorowych, ci\u0119\u017ckich maszyn przemys\u0142owych. Dodatkowo wykonuje gumowe w\u0119\u017ce, podeszwy i cz\u0119\u015bci do drukarek. Firma zatrudnia 69 000 pracownik\u00f3w w 52 fabrykach i obecna jest w 22 krajach. In\u017cynierowie nieustannie tworz\u0105 najnowocze\u015bniejsze rozwi\u0105zania, nie tylko w zakresie nauki o gumie i polimerach, lecz tak\u017ce w r\u00f3\u017cnych dziedzinach przetwarzania danych, fizyki czy matematyki. Do grupy Goodyear nale\u017c\u0105 takie marki jak: Dunlop, Fulda, Sava i D\u0119bica.<\/p>\n<\/div>\n<\/div>\n<\/div>\n<div style=\"clear: both; display: block; margin: 10px 0;\">\n<div style=\"clear: both; display: block; margin: 10px 0;\">\n<div style=\"clear: both; display: block; margin: 10px 0;\">\n<div  style=\"max-width:660px;max-height:484px\">\n<div style=\"clear: both; display: block; margin: 10px 0;\">\n<div style=\"clear: both; width: 100%; display: block; margin: 20px 0; padding: 0; float: none; position: static; text-align: center;\"><img decoding=\"async\"  src=\"https:\/\/a.allegroimg.com\/original\/11aaee\/d5e5886e4c5e99c00835d00697da\/2-opony-zimowe-205-45R18-90H-GOODYEAR-UG-PERFORMANCE-G1-Rok-produkcji-2022\" srcset=\"https:\/\/a.allegroimg.com\/original\/11aaee\/d5e5886e4c5e99c00835d00697da\/2-opony-zimowe-205-45R18-90H-GOODYEAR-UG-PERFORMANCE-G1-Rok-produkcji-2022 360w,https:\/\/a.allegroimg.com\/original\/11aaee\/d5e5886e4c5e99c00835d00697da\/2-opony-zimowe-205-45R18-90H-GOODYEAR-UG-PERFORMANCE-G1-Rok-produkcji-2022 660w,https:\/\/a.allegroimg.com\/original\/11aaee\/d5e5886e4c5e99c00835d00697da\/2-opony-zimowe-205-45R18-90H-GOODYEAR-UG-PERFORMANCE-G1-Rok-produkcji-2022 660w\" sizes=\"100vw\" width=\"660px\" alt=\"2 opony zimowe 205\/45R18 90H GOODYEAR UG PERFORMANCE G1 Rok produkcji 2022\"\/ style=\"max-width: 100%; height: auto; display: block; margin: 0 auto;\"><\/div>\n<\/div>\n<\/div>\n<\/div>\n<\/div>\n<\/div>\n<div style=\"clear: both; display: block; margin: 10px 0;\">\n<div style=\"clear: both; display: block; margin: 10px 0;\">\n<div style=\"clear: both; display: block; margin: 10px 0;\">\n<h2>Na naszych innych aukcjach Allegro znajdziesz felgi stalowe i aluminiowe, czujniki (TPMS) oraz \u015bruby i nakr\u0119tki.<\/h2>\n<\/div>\n<\/div>\n<\/div>\n<\/div>\n<\/div>\n<\/div>\n<div style=\"clear: both; display: block; margin: 10px 0;\">\n","protected":false},"excerpt":{"rendered":"<p>MARKA\/MODEL: GOODYEAR Ultra Grip Performance G1 *<\/p>\n<p>ROZMIAR OPON: 205\/45R18<\/p>\n<p>INDEKS PR\u0118DKO\u015aCI: H<\/p>\n<p>INDEKS NO\u015aNO\u015aCI: 90 XL<\/p>\n<p>DATA PRODUKCJI: nie starsze ni\u017c 2022<\/p>\n<p>SEZON: Zimowe<\/p>\n<p>STAN: Nowy<\/p>\n<p>RANT OCHRONNY NA FELG\u0118: Brak<\/p>\n","protected":false},"featured_media":12605,"template":"","meta":{"_uag_custom_page_level_css":""},"product_brand":[437],"product_cat":[414,413,412,415],"product_tag":[],"class_list":{"0":"post-12604","1":"product","2":"type-product","3":"status-publish","4":"has-post-thumbnail","6":"product_brand-goodyear","7":"product_cat-do-samochodow-osobowych-i-suv","8":"product_cat-opony","9":"product_cat-opony-i-felgi","10":"product_cat-zimowe","12":"first","13":"instock","14":"shipping-taxable","15":"purchasable","16":"product-type-simple"},"uagb_featured_image_src":{"full":["https:\/\/oponaro.shop\/tire\/wp-content\/uploads\/2026\/01\/allegro-image-12604.jpg",500,500,false],"thumbnail":["https:\/\/oponaro.shop\/tire\/wp-content\/uploads\/2026\/01\/allegro-image-12604-150x150.jpg",150,150,true],"medium":["https:\/\/oponaro.shop\/tire\/wp-content\/uploads\/2026\/01\/allegro-image-12604-300x300.jpg",300,300,true],"medium_large":["https:\/\/oponaro.shop\/tire\/wp-content\/uploads\/2026\/01\/allegro-image-12604.jpg",500,500,false],"large":["https:\/\/oponaro.shop\/tire\/wp-content\/uploads\/2026\/01\/allegro-image-12604.jpg",500,500,false],"1536x1536":["https:\/\/oponaro.shop\/tire\/wp-content\/uploads\/2026\/01\/allegro-image-12604.jpg",500,500,false],"2048x2048":["https:\/\/oponaro.shop\/tire\/wp-content\/uploads\/2026\/01\/allegro-image-12604.jpg",500,500,false],"woocommerce_thumbnail":["https:\/\/oponaro.shop\/tire\/wp-content\/uploads\/2026\/01\/allegro-image-12604-300x300.jpg",300,300,true],"woocommerce_single":["https:\/\/oponaro.shop\/tire\/wp-content\/uploads\/2026\/01\/allegro-image-12604.jpg",500,500,false],"woocommerce_gallery_thumbnail":["https:\/\/oponaro.shop\/tire\/wp-content\/uploads\/2026\/01\/allegro-image-12604-100x100.jpg",100,100,true]},"uagb_author_info":{"display_name":"admin","author_link":"https:\/\/oponaro.shop\/tire\/author\/"},"uagb_comment_info":0,"uagb_excerpt":"MARKA\/MODEL: GOODYEAR Ultra Grip Performance G1 * ROZMIAR OPON: 205\/45R18 INDEKS PR\u0118DKO\u015aCI: H INDEKS NO\u015aNO\u015aCI: 90 XL DATA PRODUKCJI: nie starsze ni\u017c 2022 SEZON: Zimowe STAN: Nowy RANT OCHRONNY NA FELG\u0118: Brak","_links":{"self":[{"href":"https:\/\/oponaro.shop\/tire\/wp-json\/wp\/v2\/product\/12604","targetHints":{"allow":["GET"]}}],"collection":[{"href":"https:\/\/oponaro.shop\/tire\/wp-json\/wp\/v2\/product"}],"about":[{"href":"https:\/\/oponaro.shop\/tire\/wp-json\/wp\/v2\/types\/product"}],"wp:featuredmedia":[{"embeddable":true,"href":"https:\/\/oponaro.shop\/tire\/wp-json\/wp\/v2\/media\/12605"}],"wp:attachment":[{"href":"https:\/\/oponaro.shop\/tire\/wp-json\/wp\/v2\/media?parent=12604"}],"wp:term":[{"taxonomy":"product_brand","embeddable":true,"href":"https:\/\/oponaro.shop\/tire\/wp-json\/wp\/v2\/product_brand?post=12604"},{"taxonomy":"product_cat","embeddable":true,"href":"https:\/\/oponaro.shop\/tire\/wp-json\/wp\/v2\/product_cat?post=12604"},{"taxonomy":"product_tag","embeddable":true,"href":"https:\/\/oponaro.shop\/tire\/wp-json\/wp\/v2\/product_tag?post=12604"}],"curies":[{"name":"wp","href":"https:\/\/api.w.org\/{rel}","templated":true}]}}