{"id":13838,"date":"2026-01-09T10:35:31","date_gmt":"2026-01-09T09:35:31","guid":{"rendered":"https:\/\/oponyspeed.shop\/xef5\/produkt\/2x-petlas-explero-a-s-pt411-225-70r16-107-t\/"},"modified":"2026-01-09T10:35:31","modified_gmt":"2026-01-09T09:35:31","slug":"2x-petlas-explero-a-s-pt411-225-70r16-107-t","status":"publish","type":"product","link":"https:\/\/oponaro.shop\/tire\/produkt\/2x-petlas-explero-a-s-pt411-225-70r16-107-t\/","title":{"rendered":"2x PETLAS EXPLERO A\/S PT411 225\/70R16 107 T"},"content":{"rendered":"<div style=\"font-family: Arial, sans-serif; line-height: 1.6; color: #333; padding: 20px; clear: both; display: block; width: 100%; float: none; position: static; overflow: hidden;\">\n<div style=\"clear: both; display: block; margin: 10px 0;\">\n<div style=\"clear: both; display: block; margin: 10px 0;\">\n<div style=\"clear: both; display: block; margin: 10px 0;\">\n<h2>2x PETLAS EXPLERO A\/S PT411 225\/70R16 107 T<\/h2>\n<\/div>\n<\/div>\n<\/div>\n<div style=\"clear: both; display: block; margin: 10px 0;\">\n<div style=\"clear: both; display: block; margin: 10px 0;\">\n<div style=\"clear: both; display: block; margin: 10px 0;\">\n<div  style=\"max-width:920px;max-height:1120px\">\n<div style=\"clear: both; display: block; margin: 10px 0;\">\n<div style=\"clear: both; width: 100%; display: block; margin: 20px 0; padding: 0; float: none; position: static; text-align: center;\"><img decoding=\"async\"  src=\"https:\/\/a.allegroimg.com\/original\/11dd14\/03e9cb56451fb6dcf634f8c1d930\/2x-PETLAS-EXPLERO-A-S-PT411-225-70R16-107-T\" srcset=\"https:\/\/a.allegroimg.com\/original\/11dd14\/03e9cb56451fb6dcf634f8c1d930\/2x-PETLAS-EXPLERO-A-S-PT411-225-70R16-107-T 295w,https:\/\/a.allegroimg.com\/original\/11dd14\/03e9cb56451fb6dcf634f8c1d930\/2x-PETLAS-EXPLERO-A-S-PT411-225-70R16-107-T 591w,https:\/\/a.allegroimg.com\/original\/11dd14\/03e9cb56451fb6dcf634f8c1d930\/2x-PETLAS-EXPLERO-A-S-PT411-225-70R16-107-T 841w,https:\/\/a.allegroimg.com\/original\/11dd14\/03e9cb56451fb6dcf634f8c1d930\/2x-PETLAS-EXPLERO-A-S-PT411-225-70R16-107-T 920w,https:\/\/a.allegroimg.com\/original\/11dd14\/03e9cb56451fb6dcf634f8c1d930\/2x-PETLAS-EXPLERO-A-S-PT411-225-70R16-107-T 920w\" sizes=\"(min-width: 1200px) 560px, (min-width: 992px) 50vw, 100vw\" width=\"920px\" alt=\"2x PETLAS EXPLERO A\/S PT411 225\/70R16 107 T\" style=\"max-width: 100%; height: auto; display: block; margin: 0 auto;\"><\/div>\n<\/div>\n<\/div>\n<\/div>\n<\/div>\n<div style=\"clear: both; display: block; margin: 10px 0;\">\n<div style=\"clear: both; display: block; margin: 10px 0;\">\n<h2>Ca\u0142oroczne opony PETLAS EXPLERO A\/S PT411 225\/70 R16 107 T<\/h2>\n<p style=\"margin: 15px 0; line-height: 1.8; clear: both; display: block; width: 100%; float: none; position: static;\">Opony PETLAS EXPLERO A\/S PT411 to znacz\u0105cy model w portfolio producenta.&nbsp;<\/p>\n<p style=\"margin: 15px 0; line-height: 1.8; clear: both; display: block; width: 100%; float: none; position: static;\">Charakteryzuje si\u0119 optymalnym oporem toczenia. Opony klasy ekonomicznej maj\u0105 \u015bwietny stosunek jako\u015bci do ceny.<\/p>\n<ul style=\"margin: 15px 0; padding-left: 20px; clear: both; display: block; width: 100%; float: none; position: static;\">\n<li style=\"margin: 5px 0; padding: 2px 0; clear: both; display: list-item; float: none; position: static;\"><b>Stan:<\/b>&nbsp;Nowy<\/li>\n<li style=\"margin: 5px 0; padding: 2px 0; clear: both; display: list-item; float: none; position: static;\"><b>EAN:<\/b>&nbsp;8680830020427<\/li>\n<li style=\"margin: 5px 0; padding: 2px 0; clear: both; display: list-item; float: none; position: static;\"><b>Producent:<\/b> PETLAS<\/li>\n<li style=\"margin: 5px 0; padding: 2px 0; clear: both; display: list-item; float: none; position: static;\"><b>Model:<\/b> EXPLERO A\/S PT411<\/li>\n<li style=\"margin: 5px 0; padding: 2px 0; clear: both; display: list-item; float: none; position: static;\"><b>Rozmiar:<\/b> 225\/70 R16<\/li>\n<li style=\"margin: 5px 0; padding: 2px 0; clear: both; display: list-item; float: none; position: static;\"><b>Indeks no\u015bno\u015bci:<\/b> 107<\/li>\n<li style=\"margin: 5px 0; padding: 2px 0; clear: both; display: list-item; float: none; position: static;\"><b>Indeks pr\u0119dko\u015bci:<\/b> T<\/li>\n<li style=\"margin: 5px 0; padding: 2px 0; clear: both; display: list-item; float: none; position: static;\"><b>Ha\u0142as db:<\/b>&nbsp;71<\/li>\n<li style=\"margin: 5px 0; padding: 2px 0; clear: both; display: list-item; float: none; position: static;\"><b>Sezon:<\/b> Ca\u0142oroczne<\/li>\n<li style=\"margin: 5px 0; padding: 2px 0; clear: both; display: list-item; float: none; position: static;\"><b>Rok produkcji:<\/b> nie starsze ni\u017c 36 miesi\u0119cy<\/li>\n<li style=\"margin: 5px 0; padding: 2px 0; clear: both; display: list-item; float: none; position: static;\"><b>Przeznaczenie:<\/b> Osobowe<\/li>\n<li style=\"margin: 5px 0; padding: 2px 0; clear: both; display: list-item; float: none; position: static;\"><b>Kl. przycz. na mokrej naw.:<\/b>&nbsp;E<\/li>\n<li style=\"margin: 5px 0; padding: 2px 0; clear: both; display: list-item; float: none; position: static;\"><b>Kl. efekt. paliwowej:&nbsp;<\/b>C<\/li>\n<\/ul>\n<\/div>\n<\/div>\n<\/div>\n<div style=\"clear: both; display: block; margin: 10px 0;\">\n<div style=\"clear: both; display: block; margin: 10px 0;\">\n<div style=\"clear: both; display: block; margin: 10px 0;\">\n<div  style=\"max-width:800px;max-height:200px\">\n<div style=\"clear: both; display: block; margin: 10px 0;\">\n<div style=\"clear: both; width: 100%; display: block; margin: 20px 0; padding: 0; float: none; position: static; text-align: center;\"><img decoding=\"async\"  src=\"https:\/\/a.allegroimg.com\/original\/11a434\/661a38804a0f8f17528b16ae082a\/2x-PETLAS-EXPLERO-A-S-PT411-225-70R16-107-T-Liczba-opon-w-ofercie-2-szt\" srcset=\"https:\/\/a.allegroimg.com\/original\/11a434\/661a38804a0f8f17528b16ae082a\/2x-PETLAS-EXPLERO-A-S-PT411-225-70R16-107-T-Liczba-opon-w-ofercie-2-szt 360w,https:\/\/a.allegroimg.com\/original\/11a434\/661a38804a0f8f17528b16ae082a\/2x-PETLAS-EXPLERO-A-S-PT411-225-70R16-107-T-Liczba-opon-w-ofercie-2-szt 720w,https:\/\/a.allegroimg.com\/original\/11a434\/661a38804a0f8f17528b16ae082a\/2x-PETLAS-EXPLERO-A-S-PT411-225-70R16-107-T-Liczba-opon-w-ofercie-2-szt 800w,https:\/\/a.allegroimg.com\/original\/11a434\/661a38804a0f8f17528b16ae082a\/2x-PETLAS-EXPLERO-A-S-PT411-225-70R16-107-T-Liczba-opon-w-ofercie-2-szt 800w\" sizes=\"100vw\" width=\"800px\" alt=\"2x PETLAS EXPLERO A\/S PT411 225\/70R16 107 T Liczba opon w ofercie 2 szt.\" style=\"max-width: 100%; height: auto; display: block; margin: 0 auto;\"><\/div>\n<\/div>\n<\/div>\n<\/div>\n<\/div>\n<\/div>\n<div style=\"clear: both; display: block; margin: 10px 0;\">\n<div style=\"clear: both; display: block; margin: 10px 0;\">\n<div style=\"clear: both; display: block; margin: 10px 0;\">\n<p style=\"margin: 15px 0; line-height: 1.8; clear: both; display: block; width: 100%; float: none; position: static;\">Marka opon PETLAS to turecki producent opon samochodowych i dostawczych z ponad 40-letnim do\u015bwiadczeniem w bran\u017cy. Firma oferuje szeroki zakres opon, w tym letnie, zimowe, terenowe i ci\u0119\u017carowe, dostosowane do r\u00f3\u017cnych rodzaj\u00f3w pojazd\u00f3w i zastosowa\u0144.<\/p>\n<p style=\"margin: 15px 0; line-height: 1.8; clear: both; display: block; width: 100%; float: none; position: static;\">Opony PETLAS ciesz\u0105 si\u0119 renom\u0105 jako produkty solidne, trwa\u0142e i zdolne do radzenia sobie w r\u00f3\u017cnych warunkach drogowych. Firma ta inwestuje w rozwijanie nowoczesnych technologii i przeprowadza rygorystyczne testy jako\u015bci, aby spe\u0142ni\u0107 oczekiwania klient\u00f3w.<\/p>\n<p style=\"margin: 15px 0; line-height: 1.8; clear: both; display: block; width: 100%; float: none; position: static;\">PETLAS to marka, kt\u00f3ra zdoby\u0142a uznanie na rynku opon jako dostawca wysokiej jako\u015bci produkt\u00f3w, oferuj\u0105cy r\u00f3wnocze\u015bnie konkurencyjne ceny.<\/p>\n<\/div>\n<\/div>\n<\/div>\n<div style=\"clear: both; display: block; margin: 10px 0;\">\n<div style=\"clear: both; display: block; margin: 10px 0;\">\n<div style=\"clear: both; display: block; margin: 10px 0;\">\n<div  style=\"max-width:1200px;max-height:1758px\">\n<div style=\"clear: both; display: block; margin: 10px 0;\">\n<div style=\"clear: both; width: 100%; display: block; margin: 20px 0; padding: 0; float: none; position: static; text-align: center;\"><img decoding=\"async\"  src=\"https:\/\/a.allegroimg.com\/original\/11eb39\/508c142a475582d3aa4615634d1f\/2x-PETLAS-EXPLERO-A-S-PT411-225-70R16-107-T-Marka-Petlas\" srcset=\"https:\/\/a.allegroimg.com\/original\/11eb39\/508c142a475582d3aa4615634d1f\/2x-PETLAS-EXPLERO-A-S-PT411-225-70R16-107-T-Marka-Petlas 245w,https:\/\/a.allegroimg.com\/original\/11eb39\/508c142a475582d3aa4615634d1f\/2x-PETLAS-EXPLERO-A-S-PT411-225-70R16-107-T-Marka-Petlas 491w,https:\/\/a.allegroimg.com\/original\/11eb39\/508c142a475582d3aa4615634d1f\/2x-PETLAS-EXPLERO-A-S-PT411-225-70R16-107-T-Marka-Petlas 698w,https:\/\/a.allegroimg.com\/original\/11eb39\/508c142a475582d3aa4615634d1f\/2x-PETLAS-EXPLERO-A-S-PT411-225-70R16-107-T-Marka-Petlas 982w,https:\/\/a.allegroimg.com\/original\/11eb39\/508c142a475582d3aa4615634d1f\/2x-PETLAS-EXPLERO-A-S-PT411-225-70R16-107-T-Marka-Petlas 1200w\" sizes=\"(min-width: 1200px) 560px, (min-width: 992px) 50vw, 100vw\" width=\"1200px\" alt=\"2x PETLAS EXPLERO A\/S PT411 225\/70R16 107 T Marka Petlas\" style=\"max-width: 100%; height: auto; display: block; margin: 0 auto;\"><\/div>\n<\/div>\n<\/div>\n<\/div>\n<\/div>\n<div style=\"clear: both; display: block; margin: 10px 0;\">\n<div style=\"clear: both; display: block; margin: 10px 0;\">\n<p style=\"margin: 15px 0; line-height: 1.8; clear: both; display: block; width: 100%; float: none; position: static;\">Dlaczego warto kupowa\u0107 u Nas ?<\/p>\n<p style=\"margin: 15px 0; line-height: 1.8; clear: both; display: block; width: 100%; float: none; position: static;\">Jeste\u015bmy firm\u0105, kt\u00f3ra na podstawie wieloletniego do\u015bwiadczenia z zaanga\u017cowaniem pomaga klientom w doborze oraz kupnie opon.<\/p>\n<p style=\"margin: 15px 0; line-height: 1.8; clear: both; display: block; width: 100%; float: none; position: static;\">Posiadamy szerok\u0105 game opon do aut osobowych, dostawczych, cie\u017carowych, motocyki jak i opon przemys\u0142owych.<\/p>\n<p style=\"margin: 15px 0; line-height: 1.8; clear: both; display: block; width: 100%; float: none; position: static;\">Gwarancja satysfakcjii oraz bezpiecznie przejechanych kilometr\u00f3w.<\/p>\n<p style=\"margin: 15px 0; line-height: 1.8; clear: both; display: block; width: 100%; float: none; position: static;\">Zosta\u0144 naszym kolejnym zadowolonym klientem.<\/p>\n<p style=\"margin: 15px 0; line-height: 1.8; clear: both; display: block; width: 100%; float: none; position: static;\">ZAPRASZAMY DO ZAKUP\u00d3W.<\/p>\n<\/div>\n<\/div>\n<\/div>\n<\/div>\n<\/div>\n<\/div>\n<div style=\"clear: both; display: block; margin: 10px 0;\">\n","protected":false},"excerpt":{"rendered":"<p>2x PETLAS EXPLERO A\/S PT411 225\/70R16 107 T<\/p>\n<p>Ca\u0142oroczne opony PETLAS EXPLERO A\/S PT411 225\/70 R16 107 T<\/p>\n<p>Opony PETLAS EXPLERO A\/S PT411 to znacz\u0105cy model w portfolio producenta.&nbsp;<\/p>\n<p>Charakteryzuje si\u0119 optymalnym oporem toczenia. Opony klasy ekonomicznej maj\u0105 \u015bwietny stosunek jako\u015bci do ceny.<\/p>\n<p>Stan:&nbsp;Nowy<\/p>\n<p>EAN:&nbsp;8680830020427<\/p>\n<p>Producent: PETLAS<\/p>\n<p>Model: EXPLERO A\/S PT411<\/p>\n","protected":false},"featured_media":13839,"template":"","meta":{"_uag_custom_page_level_css":""},"product_brand":[460],"product_cat":[416,414,413,412],"product_tag":[],"class_list":{"0":"post-13838","1":"product","2":"type-product","3":"status-publish","4":"has-post-thumbnail","6":"product_brand-petlas","7":"product_cat-caloroczne","8":"product_cat-do-samochodow-osobowych-i-suv","9":"product_cat-opony","10":"product_cat-opony-i-felgi","12":"first","13":"instock","14":"shipping-taxable","15":"purchasable","16":"product-type-simple"},"uagb_featured_image_src":{"full":["https:\/\/oponaro.shop\/tire\/wp-content\/uploads\/2026\/01\/allegro-image-13838.jpg",920,1120,false],"thumbnail":["https:\/\/oponaro.shop\/tire\/wp-content\/uploads\/2026\/01\/allegro-image-13838-150x150.jpg",150,150,true],"medium":["https:\/\/oponaro.shop\/tire\/wp-content\/uploads\/2026\/01\/allegro-image-13838-246x300.jpg",246,300,true],"medium_large":["https:\/\/oponaro.shop\/tire\/wp-content\/uploads\/2026\/01\/allegro-image-13838-768x935.jpg",768,935,true],"large":["https:\/\/oponaro.shop\/tire\/wp-content\/uploads\/2026\/01\/allegro-image-13838-841x1024.jpg",841,1024,true],"1536x1536":["https:\/\/oponaro.shop\/tire\/wp-content\/uploads\/2026\/01\/allegro-image-13838.jpg",920,1120,false],"2048x2048":["https:\/\/oponaro.shop\/tire\/wp-content\/uploads\/2026\/01\/allegro-image-13838.jpg",920,1120,false],"woocommerce_thumbnail":["https:\/\/oponaro.shop\/tire\/wp-content\/uploads\/2026\/01\/allegro-image-13838-300x300.jpg",300,300,true],"woocommerce_single":["https:\/\/oponaro.shop\/tire\/wp-content\/uploads\/2026\/01\/allegro-image-13838-600x730.jpg",600,730,true],"woocommerce_gallery_thumbnail":["https:\/\/oponaro.shop\/tire\/wp-content\/uploads\/2026\/01\/allegro-image-13838-100x100.jpg",100,100,true]},"uagb_author_info":{"display_name":"admin","author_link":"https:\/\/oponaro.shop\/tire\/author\/"},"uagb_comment_info":0,"uagb_excerpt":"2x PETLAS EXPLERO A\/S PT411 225\/70R16 107 T Ca\u0142oroczne opony PETLAS EXPLERO A\/S PT411 225\/70 R16 107 T Opony PETLAS EXPLERO A\/S PT411 to znacz\u0105cy model w portfolio producenta.&nbsp; Charakteryzuje si\u0119 optymalnym oporem toczenia. Opony klasy ekonomicznej maj\u0105 \u015bwietny stosunek jako\u015bci do ceny. Stan:&nbsp;Nowy EAN:&nbsp;8680830020427 Producent: PETLAS Model: EXPLERO A\/S PT411","_links":{"self":[{"href":"https:\/\/oponaro.shop\/tire\/wp-json\/wp\/v2\/product\/13838","targetHints":{"allow":["GET"]}}],"collection":[{"href":"https:\/\/oponaro.shop\/tire\/wp-json\/wp\/v2\/product"}],"about":[{"href":"https:\/\/oponaro.shop\/tire\/wp-json\/wp\/v2\/types\/product"}],"wp:featuredmedia":[{"embeddable":true,"href":"https:\/\/oponaro.shop\/tire\/wp-json\/wp\/v2\/media\/13839"}],"wp:attachment":[{"href":"https:\/\/oponaro.shop\/tire\/wp-json\/wp\/v2\/media?parent=13838"}],"wp:term":[{"taxonomy":"product_brand","embeddable":true,"href":"https:\/\/oponaro.shop\/tire\/wp-json\/wp\/v2\/product_brand?post=13838"},{"taxonomy":"product_cat","embeddable":true,"href":"https:\/\/oponaro.shop\/tire\/wp-json\/wp\/v2\/product_cat?post=13838"},{"taxonomy":"product_tag","embeddable":true,"href":"https:\/\/oponaro.shop\/tire\/wp-json\/wp\/v2\/product_tag?post=13838"}],"curies":[{"name":"wp","href":"https:\/\/api.w.org\/{rel}","templated":true}]}}