{"id":14074,"date":"2026-01-11T23:39:50","date_gmt":"2026-01-11T22:39:50","guid":{"rendered":"https:\/\/oponyspeed.shop\/xef5\/produkt\/2x-opony-caloroczne-185-60r16-maxxis-premitra-ap3\/"},"modified":"2026-01-11T23:39:50","modified_gmt":"2026-01-11T22:39:50","slug":"2x-opony-caloroczne-185-60r16-maxxis-premitra-ap3","status":"publish","type":"product","link":"https:\/\/oponivo.shop\/tire\/produkt\/2x-opony-caloroczne-185-60r16-maxxis-premitra-ap3\/","title":{"rendered":"2x OPONY CA\u0141OROCZNE 185\/60R16 Maxxis PREMITRA AP3"},"content":{"rendered":"<div style=\"font-family: Arial, sans-serif; line-height: 1.6; color: #333; padding: 20px; clear: both; display: block; width: 100%; float: none; position: static; overflow: hidden;\">\n<div style=\"clear: both; display: block; margin: 10px 0;\">\n<div style=\"clear: both; display: block; margin: 10px 0;\">\n<div style=\"clear: both; display: block; margin: 10px 0;\">\n<div  style=\"max-width:750px;max-height:749px\">\n<div style=\"clear: both; display: block; margin: 10px 0;\">\n<div style=\"clear: both; width: 100%; display: block; margin: 20px 0; padding: 0; float: none; position: static; text-align: center;\"><img decoding=\"async\"  src=\"https:\/\/a.allegroimg.com\/original\/11240b\/2763e60e414abeec26ced8adcf5d\/2x-OPONY-CALOROCZNE-185-60R16-Maxxis-PREMITRA-AP3\" srcset=\"https:\/\/a.allegroimg.com\/original\/11240b\/2763e60e414abeec26ced8adcf5d\/2x-OPONY-CALOROCZNE-185-60R16-Maxxis-PREMITRA-AP3 360w,https:\/\/a.allegroimg.com\/original\/11240b\/2763e60e414abeec26ced8adcf5d\/2x-OPONY-CALOROCZNE-185-60R16-Maxxis-PREMITRA-AP3 720w,https:\/\/a.allegroimg.com\/original\/11240b\/2763e60e414abeec26ced8adcf5d\/2x-OPONY-CALOROCZNE-185-60R16-Maxxis-PREMITRA-AP3 750w,https:\/\/a.allegroimg.com\/original\/11240b\/2763e60e414abeec26ced8adcf5d\/2x-OPONY-CALOROCZNE-185-60R16-Maxxis-PREMITRA-AP3 750w\" sizes=\"(min-width: 1200px) 560px, (min-width: 992px) 50vw, 100vw\" width=\"750px\" alt=\"2x OPONY CA\u0141OROCZNE 185\/60R16 Maxxis PREMITRA AP3\" style=\"max-width: 100%; height: auto; display: block; margin: 0 auto;\"><\/div>\n<\/div>\n<\/div>\n<\/div>\n<\/div>\n<div style=\"clear: both; display: block; margin: 10px 0;\">\n<div style=\"clear: both; display: block; margin: 10px 0;\">\n<p style=\"margin: 15px 0; line-height: 1.8; clear: both; display: block; width: 100%; float: none; position: static;\">Nazwa modelu: <b>Maxxis PREMITRA AS AP3<\/b><\/p>\n<p style=\"margin: 15px 0; line-height: 1.8; clear: both; display: block; width: 100%; float: none; position: static;\">Rozmiar: <b>185\/60 R16<\/b><\/p>\n<p style=\"margin: 15px 0; line-height: 1.8; clear: both; display: block; width: 100%; float: none; position: static;\">Indeks pr\u0119dko\u015bci: <b>V<\/b><\/p>\n<p style=\"margin: 15px 0; line-height: 1.8; clear: both; display: block; width: 100%; float: none; position: static;\">Indeks no\u015bno\u015bci: <b>86<\/b><\/p>\n<p style=\"margin: 15px 0; line-height: 1.8; clear: both; display: block; width: 100%; float: none; position: static;\">Kod producenta: <b>4717784358222<\/b><\/p>\n<p style=\"margin: 15px 0; line-height: 1.8; clear: both; display: block; width: 100%; float: none; position: static;\">Rodzaj pojazd\u00f3w: <b>osobowy<\/b><\/p>\n<p style=\"margin: 15px 0; line-height: 1.8; clear: both; display: block; width: 100%; float: none; position: static;\">Sezon: <b>ca\u0142oroczne<\/b><\/p>\n<p style=\"margin: 15px 0; line-height: 1.8; clear: both; display: block; width: 100%; float: none; position: static;\">Dodatkowe oznaczenia: <b> brak <\/b><\/p>\n<p style=\"margin: 15px 0; line-height: 1.8; clear: both; display: block; width: 100%; float: none; position: static;\">Rok produkcji: <b><br \/>\n                    Opony nowe, pe\u0142nowarto\u015bciowe<br \/>\n        <\/b><\/p>\n<\/div>\n<\/div>\n<\/div>\n<div style=\"clear: both; display: block; margin: 10px 0;\">\n<div style=\"clear: both; display: block; margin: 10px 0;\">\n<div style=\"clear: both; display: block; margin: 10px 0;\">\n<h3 style=\"color: #2c5aa0; font-size: 18px; margin: 30px 0 15px 0; font-weight: bold; clear: both; display: block; width: 100%; float: none; position: static;\">Efektywno\u015b\u0107 energetyczna \/ op\u00f3r toczenia<\/h3>\n<p style=\"margin: 15px 0; line-height: 1.8; clear: both; display: block; width: 100%; float: none; position: static;\">Op\u00f3r toczenia to inaczej straty energii, kt\u00f3re powstaj\u0105, kiedy opona odkszta\u0142ca si\u0119 podczas jazdy na skutek kontaktu z pod\u0142o\u017cem. Mniejszy op\u00f3r toczenia oznacza, \u017ce opona zu\u017cywa mniej energii, samoch\u00f3d spala mniej paliwa i jazda jest bardziej ekologiczna.<\/p>\n<h3 style=\"color: #2c5aa0; font-size: 18px; margin: 30px 0 15px 0; font-weight: bold; clear: both; display: block; width: 100%; float: none; position: static;\">Przyczepno\u015b\u0107 na mokrej nawierzchni<\/h3>\n<p style=\"margin: 15px 0; line-height: 1.8; clear: both; display: block; width: 100%; float: none; position: static;\">Hamowanie na mokrej nawierzchni mierzy si\u0119 w metrach od momentu rozpocz\u0119cia hamowania do pe\u0142nego zatrzymania auta. Jest kluczowe dla bezpiecze\u0144stwa jazdy. Ocena A oznacza najkr\u00f3tsz\u0105 drog\u0119 hamowania. G &#8211; najd\u0142u\u017csz\u0105.<\/p>\n<h3 style=\"color: #2c5aa0; font-size: 18px; margin: 30px 0 15px 0; font-weight: bold; clear: both; display: block; width: 100%; float: none; position: static;\">Zewn\u0119trzny ha\u0142as toczenia<\/h3>\n<p style=\"margin: 15px 0; line-height: 1.8; clear: both; display: block; width: 100%; float: none; position: static;\">Ha\u0142as, kt\u00f3ry wytwarzaj\u0105 opony w trakcie jazdy. Mierzony w decybelach. Cicho\u015b\u0107 opony znacznie wp\u0142ywa na ochron\u0119 \u015brodowiska.<\/p>\n<\/div>\n<\/div>\n<div style=\"clear: both; display: block; margin: 10px 0;\">\n<div style=\"clear: both; display: block; margin: 10px 0;\">\n<div  style=\"max-width:300px;max-height:440px\">\n<div style=\"clear: both; display: block; margin: 10px 0;\">\n<div style=\"clear: both; width: 100%; display: block; margin: 20px 0; padding: 0; float: none; position: static; text-align: center;\"><img decoding=\"async\"  src=\"https:\/\/a.allegroimg.com\/original\/111ae9\/ee597100488ba87bc7c854dba464\/2x-OPONY-CALOROCZNE-185-60R16-Maxxis-PREMITRA-AP3-Liczba-opon-w-ofercie-2-szt\" srcset=\"https:\/\/a.allegroimg.com\/original\/111ae9\/ee597100488ba87bc7c854dba464\/2x-OPONY-CALOROCZNE-185-60R16-Maxxis-PREMITRA-AP3-Liczba-opon-w-ofercie-2-szt 245w,https:\/\/a.allegroimg.com\/original\/111ae9\/ee597100488ba87bc7c854dba464\/2x-OPONY-CALOROCZNE-185-60R16-Maxxis-PREMITRA-AP3-Liczba-opon-w-ofercie-2-szt 300w,https:\/\/a.allegroimg.com\/original\/111ae9\/ee597100488ba87bc7c854dba464\/2x-OPONY-CALOROCZNE-185-60R16-Maxxis-PREMITRA-AP3-Liczba-opon-w-ofercie-2-szt 300w\" sizes=\"(min-width: 1200px) 560px, (min-width: 992px) 50vw, 100vw\" width=\"300px\" alt=\"2x OPONY CA\u0141OROCZNE 185\/60R16 Maxxis PREMITRA AP3 Liczba opon w ofercie 2 szt.\" style=\"max-width: 100%; height: auto; display: block; margin: 0 auto;\"><\/div>\n<\/div>\n<\/div>\n<\/div>\n<\/div>\n<\/div>\n<\/div>\n<\/div>\n<\/div>\n<div style=\"clear: both; display: block; margin: 10px 0;\">\n","protected":false},"excerpt":{"rendered":"<p>Nazwa modelu: Maxxis PREMITRA AS AP3<\/p>\n<p>Rozmiar: 185\/60 R16<\/p>\n<p>Indeks pr\u0119dko\u015bci: V<\/p>\n<p>Indeks no\u015bno\u015bci: 86<\/p>\n<p>Kod producenta: 4717784358222<\/p>\n<p>Rodzaj pojazd\u00f3w: osobowy<\/p>\n<p>Sezon: ca\u0142oroczne<\/p>\n<p>Dodatkowe oznaczenia: brak<\/p>\n","protected":false},"featured_media":14075,"template":"","meta":{"_uag_custom_page_level_css":""},"product_brand":[445],"product_cat":[416,414,413,412],"product_tag":[],"class_list":{"0":"post-14074","1":"product","2":"type-product","3":"status-publish","4":"has-post-thumbnail","6":"product_brand-maxxis","7":"product_cat-caloroczne","8":"product_cat-do-samochodow-osobowych-i-suv","9":"product_cat-opony","10":"product_cat-opony-i-felgi","12":"first","13":"instock","14":"shipping-taxable","15":"purchasable","16":"product-type-simple"},"uagb_featured_image_src":{"full":["https:\/\/oponivo.shop\/tire\/wp-content\/uploads\/2026\/01\/allegro-image-14074.jpg",750,749,false],"thumbnail":["https:\/\/oponivo.shop\/tire\/wp-content\/uploads\/2026\/01\/allegro-image-14074-150x150.jpg",150,150,true],"medium":["https:\/\/oponivo.shop\/tire\/wp-content\/uploads\/2026\/01\/allegro-image-14074-300x300.jpg",300,300,true],"medium_large":["https:\/\/oponivo.shop\/tire\/wp-content\/uploads\/2026\/01\/allegro-image-14074.jpg",750,749,false],"large":["https:\/\/oponivo.shop\/tire\/wp-content\/uploads\/2026\/01\/allegro-image-14074.jpg",750,749,false],"1536x1536":["https:\/\/oponivo.shop\/tire\/wp-content\/uploads\/2026\/01\/allegro-image-14074.jpg",750,749,false],"2048x2048":["https:\/\/oponivo.shop\/tire\/wp-content\/uploads\/2026\/01\/allegro-image-14074.jpg",750,749,false],"woocommerce_thumbnail":["https:\/\/oponivo.shop\/tire\/wp-content\/uploads\/2026\/01\/allegro-image-14074-300x300.jpg",300,300,true],"woocommerce_single":["https:\/\/oponivo.shop\/tire\/wp-content\/uploads\/2026\/01\/allegro-image-14074-600x599.jpg",600,599,true],"woocommerce_gallery_thumbnail":["https:\/\/oponivo.shop\/tire\/wp-content\/uploads\/2026\/01\/allegro-image-14074-100x100.jpg",100,100,true]},"uagb_author_info":{"display_name":"admin","author_link":"https:\/\/oponivo.shop\/tire\/author\/"},"uagb_comment_info":0,"uagb_excerpt":"Nazwa modelu: Maxxis PREMITRA AS AP3 Rozmiar: 185\/60 R16 Indeks pr\u0119dko\u015bci: V Indeks no\u015bno\u015bci: 86 Kod producenta: 4717784358222 Rodzaj pojazd\u00f3w: osobowy Sezon: ca\u0142oroczne Dodatkowe oznaczenia: brak","_links":{"self":[{"href":"https:\/\/oponivo.shop\/tire\/wp-json\/wp\/v2\/product\/14074","targetHints":{"allow":["GET"]}}],"collection":[{"href":"https:\/\/oponivo.shop\/tire\/wp-json\/wp\/v2\/product"}],"about":[{"href":"https:\/\/oponivo.shop\/tire\/wp-json\/wp\/v2\/types\/product"}],"wp:featuredmedia":[{"embeddable":true,"href":"https:\/\/oponivo.shop\/tire\/wp-json\/wp\/v2\/media\/14075"}],"wp:attachment":[{"href":"https:\/\/oponivo.shop\/tire\/wp-json\/wp\/v2\/media?parent=14074"}],"wp:term":[{"taxonomy":"product_brand","embeddable":true,"href":"https:\/\/oponivo.shop\/tire\/wp-json\/wp\/v2\/product_brand?post=14074"},{"taxonomy":"product_cat","embeddable":true,"href":"https:\/\/oponivo.shop\/tire\/wp-json\/wp\/v2\/product_cat?post=14074"},{"taxonomy":"product_tag","embeddable":true,"href":"https:\/\/oponivo.shop\/tire\/wp-json\/wp\/v2\/product_tag?post=14074"}],"curies":[{"name":"wp","href":"https:\/\/api.w.org\/{rel}","templated":true}]}}