{"id":15251,"date":"2026-01-16T02:41:44","date_gmt":"2026-01-16T01:41:44","guid":{"rendered":"https:\/\/oponyauto.shop\/xef5\/produkt\/2x-opony-zimowe-mazzini-snow-leopard-185-60r15-84t-2025\/"},"modified":"2026-01-16T02:41:44","modified_gmt":"2026-01-16T01:41:44","slug":"2x-opony-zimowe-mazzini-snow-leopard-185-60r15-84t-2025","status":"publish","type":"product","link":"https:\/\/oponaro.shop\/tire\/produkt\/2x-opony-zimowe-mazzini-snow-leopard-185-60r15-84t-2025\/","title":{"rendered":"2x opony zimowe Mazzini Snow Leopard 185\/60R15 84T 2025"},"content":{"rendered":"<div style=\"font-family: Arial, sans-serif; line-height: 1.6; color: #333; padding: 20px; clear: both; display: block; width: 100%; float: none; position: static; overflow: hidden;\">\n<div style=\"clear: both; display: block; margin: 10px 0;\">\n<div style=\"clear: both; display: block; margin: 10px 0;\">\n<div style=\"clear: both; display: block; margin: 10px 0;\">\n<div  style=\"max-width:499px;max-height:160px\">\n<div style=\"clear: both; display: block; margin: 10px 0;\">\n<div style=\"clear: both; width: 100%; display: block; margin: 20px 0; padding: 0; float: none; position: static; text-align: center;\"><img decoding=\"async\"  src=\"https:\/\/a.allegroimg.com\/original\/11328a\/ccc7212540fa8f70ef678ce80ed9\/2x-opony-zimowe-Mazzini-Snow-Leopard-185-60R15-84T-2025-Rok-produkcji-2025\" srcset=\"https:\/\/a.allegroimg.com\/original\/11328a\/ccc7212540fa8f70ef678ce80ed9\/2x-opony-zimowe-Mazzini-Snow-Leopard-185-60R15-84T-2025-Rok-produkcji-2025 360w,https:\/\/a.allegroimg.com\/original\/11328a\/ccc7212540fa8f70ef678ce80ed9\/2x-opony-zimowe-Mazzini-Snow-Leopard-185-60R15-84T-2025-Rok-produkcji-2025 499w,https:\/\/a.allegroimg.com\/original\/11328a\/ccc7212540fa8f70ef678ce80ed9\/2x-opony-zimowe-Mazzini-Snow-Leopard-185-60R15-84T-2025-Rok-produkcji-2025 499w\" sizes=\"100vw\" width=\"499px\" alt=\"2x opony zimowe Mazzini Snow Leopard 185\/60R15 84T 2025 Rok produkcji 2025\" style=\"max-width: 100%; height: auto; display: block; margin: 0 auto;\"><\/div>\n<\/div>\n<\/div>\n<\/div>\n<\/div>\n<\/div>\n<div style=\"clear: both; display: block; margin: 10px 0;\">\n<div style=\"clear: both; display: block; margin: 10px 0;\">\n<div style=\"clear: both; display: block; margin: 10px 0;\">\n<h1>zestaw 2 sztuk nowych opon zimowych<\/h1>\n<h1>Mazzini Snow Leopard 185\/60R15 84T<\/h1>\n<p style=\"margin: 15px 0; line-height: 1.8; clear: both; display: block; width: 100%; float: none; position: static;\">\n<\/div>\n<\/div>\n<\/div>\n<div style=\"clear: both; display: block; margin: 10px 0;\">\n<div style=\"clear: both; display: block; margin: 10px 0;\">\n<div style=\"clear: both; display: block; margin: 10px 0;\">\n<div  style=\"max-width:322px;max-height:500px\">\n<div style=\"clear: both; display: block; margin: 10px 0;\">\n<div style=\"clear: both; width: 100%; display: block; margin: 20px 0; padding: 0; float: none; position: static; text-align: center;\"><img decoding=\"async\"  src=\"https:\/\/a.allegroimg.com\/original\/116957\/c42f27f545309e6d14163f68ef93\/2x-opony-zimowe-Mazzini-Snow-Leopard-185-60R15-84T-2025\" srcset=\"https:\/\/a.allegroimg.com\/original\/116957\/c42f27f545309e6d14163f68ef93\/2x-opony-zimowe-Mazzini-Snow-Leopard-185-60R15-84T-2025 231w,https:\/\/a.allegroimg.com\/original\/116957\/c42f27f545309e6d14163f68ef93\/2x-opony-zimowe-Mazzini-Snow-Leopard-185-60R15-84T-2025 322w,https:\/\/a.allegroimg.com\/original\/116957\/c42f27f545309e6d14163f68ef93\/2x-opony-zimowe-Mazzini-Snow-Leopard-185-60R15-84T-2025 322w\" sizes=\"(min-width: 1200px) 560px, (min-width: 992px) 50vw, 100vw\" width=\"322px\" alt=\"2x opony zimowe Mazzini Snow Leopard 185\/60R15 84T 2025\" style=\"max-width: 100%; height: auto; display: block; margin: 0 auto;\"><\/div>\n<\/div>\n<\/div>\n<\/div>\n<\/div>\n<div style=\"clear: both; display: block; margin: 10px 0;\">\n<div style=\"clear: both; display: block; margin: 10px 0;\">\n<p style=\"margin: 15px 0; line-height: 1.8; clear: both; display: block; width: 100%; float: none; position: static;\"><b>Mazzini Snow Leopard<\/b> to opony <b>zimowe<\/b> przeznaczone do samochod\u00f3w <b>osobowych<\/b> oraz suv-\u00f3w. Produkt klasy bud\u017cetowej popularnej marki <b>Mazzini<\/b>. Wysoka jako\u015b\u0107 w przyst\u0119pnej cenie. Opony do trudnych warunk\u00f3w zimowych, dedykowane na drogi gorszej jako\u015bci, za\u015bniezone, oblodzone, obszary wiejskie, g\u00f3rskie itp.<\/p>\n<ul style=\"margin: 15px 0; padding-left: 20px; clear: both; display: block; width: 100%; float: none; position: static;\">\n<li style=\"margin: 5px 0; padding: 2px 0; clear: both; display: list-item; float: none; position: static;\">rok produkcji: <b>2025<\/b><\/li>\n<li style=\"margin: 5px 0; padding: 2px 0; clear: both; display: list-item; float: none; position: static;\">opony <b>nowe<\/b>, oryginalne, z gwarancj\u0105<\/li>\n<li style=\"margin: 5px 0; padding: 2px 0; clear: both; display: list-item; float: none; position: static;\">maksymalna przyczepno\u015b\u0107 na \u015bniegu i lodzie, r\u00f3wnie\u017c na drogach gorszej jako\u015bci<\/li>\n<li style=\"margin: 5px 0; padding: 2px 0; clear: both; display: list-item; float: none; position: static;\">d\u0142ugie przebiegi<\/li>\n<li style=\"margin: 5px 0; padding: 2px 0; clear: both; display: list-item; float: none; position: static;\">bie\u017cnik zu\u017cywa si\u0119 r\u00f3wnomiernie<\/li>\n<\/ul>\n<\/div>\n<\/div>\n<\/div>\n<\/div>\n<\/div>\n<\/div>\n<div style=\"clear: both; display: block; margin: 10px 0;\">\n","protected":false},"excerpt":{"rendered":"<p>zestaw 2 sztuk nowych opon zimowych<\/p>\n<p>Mazzini Snow Leopard 185\/60R15 84T<\/p>\n<p>Mazzini Snow Leopard to opony zimowe przeznaczone do samochod\u00f3w osobowych oraz suv-\u00f3w. Produkt klasy bud\u017cetowej popularnej marki Mazzini. Wysoka jako\u015b\u0107 w przyst\u0119pnej cenie. Opony do trudnych warunk\u00f3w zimowych, dedykowane na drogi gorszej jako\u015bci, za\u015bniezone, oblodzone, obszary wiejskie, g\u00f3rskie itp.<\/p>\n<p>rok produkcji: 2025<\/p>\n<p>opony nowe, oryginalne, z gwarancj\u0105<\/p>\n<p>maksymalna przyczepno\u015b\u0107 na \u015bniegu i lodzie, r\u00f3wnie\u017c na drogach gorszej jako\u015bci<\/p>\n<p>d\u0142ugie przebiegi<\/p>\n<p>bie\u017cnik zu\u017cywa si\u0119 r\u00f3wnomiernie<\/p>\n","protected":false},"featured_media":15252,"template":"","meta":{"_uag_custom_page_level_css":""},"product_brand":[471],"product_cat":[414,413,412,415],"product_tag":[],"class_list":{"0":"post-15251","1":"product","2":"type-product","3":"status-publish","4":"has-post-thumbnail","6":"product_brand-mazzini","7":"product_cat-do-samochodow-osobowych-i-suv","8":"product_cat-opony","9":"product_cat-opony-i-felgi","10":"product_cat-zimowe","12":"first","13":"instock","14":"shipping-taxable","15":"purchasable","16":"product-type-simple"},"uagb_featured_image_src":{"full":["https:\/\/oponaro.shop\/tire\/wp-content\/uploads\/2026\/01\/allegro-image-15251.jpg",322,500,false],"thumbnail":["https:\/\/oponaro.shop\/tire\/wp-content\/uploads\/2026\/01\/allegro-image-15251-150x150.jpg",150,150,true],"medium":["https:\/\/oponaro.shop\/tire\/wp-content\/uploads\/2026\/01\/allegro-image-15251-193x300.jpg",193,300,true],"medium_large":["https:\/\/oponaro.shop\/tire\/wp-content\/uploads\/2026\/01\/allegro-image-15251.jpg",322,500,false],"large":["https:\/\/oponaro.shop\/tire\/wp-content\/uploads\/2026\/01\/allegro-image-15251.jpg",322,500,false],"1536x1536":["https:\/\/oponaro.shop\/tire\/wp-content\/uploads\/2026\/01\/allegro-image-15251.jpg",322,500,false],"2048x2048":["https:\/\/oponaro.shop\/tire\/wp-content\/uploads\/2026\/01\/allegro-image-15251.jpg",322,500,false],"woocommerce_thumbnail":["https:\/\/oponaro.shop\/tire\/wp-content\/uploads\/2026\/01\/allegro-image-15251-300x300.jpg",300,300,true],"woocommerce_single":["https:\/\/oponaro.shop\/tire\/wp-content\/uploads\/2026\/01\/allegro-image-15251.jpg",322,500,false],"woocommerce_gallery_thumbnail":["https:\/\/oponaro.shop\/tire\/wp-content\/uploads\/2026\/01\/allegro-image-15251-100x100.jpg",100,100,true]},"uagb_author_info":{"display_name":"admin","author_link":"https:\/\/oponaro.shop\/tire\/author\/"},"uagb_comment_info":0,"uagb_excerpt":"zestaw 2 sztuk nowych opon zimowych Mazzini Snow Leopard 185\/60R15 84T Mazzini Snow Leopard to opony zimowe przeznaczone do samochod\u00f3w osobowych oraz suv-\u00f3w. Produkt klasy bud\u017cetowej popularnej marki Mazzini. Wysoka jako\u015b\u0107 w przyst\u0119pnej cenie. Opony do trudnych warunk\u00f3w zimowych, dedykowane na drogi gorszej jako\u015bci, za\u015bniezone, oblodzone, obszary wiejskie, g\u00f3rskie itp. rok produkcji: 2025 opony nowe,&hellip;","_links":{"self":[{"href":"https:\/\/oponaro.shop\/tire\/wp-json\/wp\/v2\/product\/15251","targetHints":{"allow":["GET"]}}],"collection":[{"href":"https:\/\/oponaro.shop\/tire\/wp-json\/wp\/v2\/product"}],"about":[{"href":"https:\/\/oponaro.shop\/tire\/wp-json\/wp\/v2\/types\/product"}],"wp:featuredmedia":[{"embeddable":true,"href":"https:\/\/oponaro.shop\/tire\/wp-json\/wp\/v2\/media\/15252"}],"wp:attachment":[{"href":"https:\/\/oponaro.shop\/tire\/wp-json\/wp\/v2\/media?parent=15251"}],"wp:term":[{"taxonomy":"product_brand","embeddable":true,"href":"https:\/\/oponaro.shop\/tire\/wp-json\/wp\/v2\/product_brand?post=15251"},{"taxonomy":"product_cat","embeddable":true,"href":"https:\/\/oponaro.shop\/tire\/wp-json\/wp\/v2\/product_cat?post=15251"},{"taxonomy":"product_tag","embeddable":true,"href":"https:\/\/oponaro.shop\/tire\/wp-json\/wp\/v2\/product_tag?post=15251"}],"curies":[{"name":"wp","href":"https:\/\/api.w.org\/{rel}","templated":true}]}}