{"id":17484,"date":"2026-01-19T04:12:35","date_gmt":"2026-01-19T03:12:35","guid":{"rendered":"https:\/\/oponypoint.shop\/xef5\/produkt\/2x-arivo-ultra-arz-275-30r19-96-w\/"},"modified":"2026-01-19T04:12:36","modified_gmt":"2026-01-19T03:12:36","slug":"2x-arivo-ultra-arz-275-30r19-96-w","status":"publish","type":"product","link":"https:\/\/oponaro.shop\/tire\/produkt\/2x-arivo-ultra-arz-275-30r19-96-w\/","title":{"rendered":"2x ARIVO ULTRA ARZ 275\/30R19 96 W"},"content":{"rendered":"<div style=\"font-family: Arial, sans-serif; line-height: 1.6; color: #333; padding: 20px; clear: both; display: block; width: 100%; float: none; position: static; overflow: hidden;\">\n<div style=\"clear: both; display: block; margin: 10px 0;\">\n<div style=\"clear: both; display: block; margin: 10px 0;\">\n<div style=\"clear: both; display: block; margin: 10px 0;\">\n<h2>2x ARIVO ULTRA ARZ 275\/30R19 96 W<\/h2>\n<\/div>\n<\/div>\n<\/div>\n<div style=\"clear: both; display: block; margin: 10px 0;\">\n<div style=\"clear: both; display: block; margin: 10px 0;\">\n<div style=\"clear: both; display: block; margin: 10px 0;\">\n<div  style=\"max-width:920px;max-height:1120px\">\n<div style=\"clear: both; display: block; margin: 10px 0;\">\n<div style=\"clear: both; width: 100%; display: block; margin: 20px 0; padding: 0; float: none; position: static; text-align: center;\"><img decoding=\"async\"  src=\"https:\/\/a.allegroimg.com\/original\/11ad5b\/2fd54dd34f93bc476d3fd3382a3f\/2x-ARIVO-ULTRA-ARZ-275-30R19-96-W\" srcset=\"https:\/\/a.allegroimg.com\/original\/11ad5b\/2fd54dd34f93bc476d3fd3382a3f\/2x-ARIVO-ULTRA-ARZ-275-30R19-96-W 295w,https:\/\/a.allegroimg.com\/original\/11ad5b\/2fd54dd34f93bc476d3fd3382a3f\/2x-ARIVO-ULTRA-ARZ-275-30R19-96-W 591w,https:\/\/a.allegroimg.com\/original\/11ad5b\/2fd54dd34f93bc476d3fd3382a3f\/2x-ARIVO-ULTRA-ARZ-275-30R19-96-W 841w,https:\/\/a.allegroimg.com\/original\/11ad5b\/2fd54dd34f93bc476d3fd3382a3f\/2x-ARIVO-ULTRA-ARZ-275-30R19-96-W 920w,https:\/\/a.allegroimg.com\/original\/11ad5b\/2fd54dd34f93bc476d3fd3382a3f\/2x-ARIVO-ULTRA-ARZ-275-30R19-96-W 920w\" sizes=\"(min-width: 1200px) 560px, (min-width: 992px) 50vw, 100vw\" width=\"920px\" alt=\"2x ARIVO ULTRA ARZ 275\/30R19 96 W\" style=\"max-width: 100%; height: auto; display: block; margin: 0 auto;\"><\/div>\n<\/div>\n<\/div>\n<\/div>\n<\/div>\n<div style=\"clear: both; display: block; margin: 10px 0;\">\n<div style=\"clear: both; display: block; margin: 10px 0;\">\n<h2>Letnie opony ARIVO ULTRA  ARZ 5 275\/30 R19 96 W<\/h2>\n<p style=\"margin: 15px 0; line-height: 1.8; clear: both; display: block; width: 100%; float: none; position: static;\">Opony ARIVO ULTRA  ARZ 5 to znacz\u0105cy model w portfolio producenta.&nbsp;<\/p>\n<ul style=\"margin: 15px 0; padding-left: 20px; clear: both; display: block; width: 100%; float: none; position: static;\">\n<li style=\"margin: 5px 0; padding: 2px 0; clear: both; display: list-item; float: none; position: static;\"><b>Stan:<\/b>&nbsp;Nowy<\/li>\n<li style=\"margin: 5px 0; padding: 2px 0; clear: both; display: list-item; float: none; position: static;\"><b>EAN:<\/b>&nbsp;6938628272735<\/li>\n<li style=\"margin: 5px 0; padding: 2px 0; clear: both; display: list-item; float: none; position: static;\"><b>Producent:<\/b> ARIVO<\/li>\n<li style=\"margin: 5px 0; padding: 2px 0; clear: both; display: list-item; float: none; position: static;\"><b>Model:<\/b> ULTRA  ARZ 5<\/li>\n<li style=\"margin: 5px 0; padding: 2px 0; clear: both; display: list-item; float: none; position: static;\"><b>Rozmiar:<\/b> 275\/30 R19<\/li>\n<li style=\"margin: 5px 0; padding: 2px 0; clear: both; display: list-item; float: none; position: static;\"><b>Indeks no\u015bno\u015bci:<\/b> 96<\/li>\n<li style=\"margin: 5px 0; padding: 2px 0; clear: both; display: list-item; float: none; position: static;\"><b>Indeks pr\u0119dko\u015bci:<\/b> W<\/li>\n<li style=\"margin: 5px 0; padding: 2px 0; clear: both; display: list-item; float: none; position: static;\"><b>Ha\u0142as db:<\/b>&nbsp;72<\/li>\n<li style=\"margin: 5px 0; padding: 2px 0; clear: both; display: list-item; float: none; position: static;\"><b>Sezon:<\/b> Letnie<\/li>\n<li style=\"margin: 5px 0; padding: 2px 0; clear: both; display: list-item; float: none; position: static;\"><b>Rok produkcji:<\/b> nie starsze ni\u017c 36 miesi\u0119cy<\/li>\n<li style=\"margin: 5px 0; padding: 2px 0; clear: both; display: list-item; float: none; position: static;\"><b>Przeznaczenie:<\/b> Osobowe<\/li>\n<li style=\"margin: 5px 0; padding: 2px 0; clear: both; display: list-item; float: none; position: static;\"><b>Kl. przycz. na mokrej naw.:<\/b>&nbsp;B<\/li>\n<li style=\"margin: 5px 0; padding: 2px 0; clear: both; display: list-item; float: none; position: static;\"><b>Kl. efekt. paliwowej:&nbsp;<\/b>C<\/li>\n<\/ul>\n<\/div>\n<\/div>\n<\/div>\n<div style=\"clear: both; display: block; margin: 10px 0;\">\n<div style=\"clear: both; display: block; margin: 10px 0;\">\n<div style=\"clear: both; display: block; margin: 10px 0;\">\n<div  style=\"max-width:800px;max-height:350px\">\n<div style=\"clear: both; display: block; margin: 10px 0;\">\n<div style=\"clear: both; width: 100%; display: block; margin: 20px 0; padding: 0; float: none; position: static; text-align: center;\"><img decoding=\"async\"  src=\"https:\/\/a.allegroimg.com\/original\/110591\/d7ed5ace49fba6ff01650f87dd1f\/2x-ARIVO-ULTRA-ARZ-275-30R19-96-W-Liczba-opon-w-ofercie-2-szt\" srcset=\"https:\/\/a.allegroimg.com\/original\/110591\/d7ed5ace49fba6ff01650f87dd1f\/2x-ARIVO-ULTRA-ARZ-275-30R19-96-W-Liczba-opon-w-ofercie-2-szt 360w,https:\/\/a.allegroimg.com\/original\/110591\/d7ed5ace49fba6ff01650f87dd1f\/2x-ARIVO-ULTRA-ARZ-275-30R19-96-W-Liczba-opon-w-ofercie-2-szt 720w,https:\/\/a.allegroimg.com\/original\/110591\/d7ed5ace49fba6ff01650f87dd1f\/2x-ARIVO-ULTRA-ARZ-275-30R19-96-W-Liczba-opon-w-ofercie-2-szt 800w,https:\/\/a.allegroimg.com\/original\/110591\/d7ed5ace49fba6ff01650f87dd1f\/2x-ARIVO-ULTRA-ARZ-275-30R19-96-W-Liczba-opon-w-ofercie-2-szt 800w\" sizes=\"100vw\" width=\"800px\" alt=\"2x ARIVO ULTRA ARZ 275\/30R19 96 W Liczba opon w ofercie 2 szt.\" style=\"max-width: 100%; height: auto; display: block; margin: 0 auto;\"><\/div>\n<\/div>\n<\/div>\n<\/div>\n<\/div>\n<\/div>\n<div style=\"clear: both; display: block; margin: 10px 0;\">\n<div style=\"clear: both; display: block; margin: 10px 0;\">\n<div style=\"clear: both; display: block; margin: 10px 0;\">\n<p style=\"margin: 15px 0; line-height: 1.8; clear: both; display: block; width: 100%; float: none; position: static;\">Arivo to do\u015bwiadczony producent opon z Wielkiej Brytanii, wyr\u00f3\u017cniaj\u0105cy si\u0119 innowacyjnym i kompleksowym podej\u015bciem do projektowania i produkcji swoich produkt\u00f3w. Firma ma za sob\u0105 bogate do\u015bwiadczenie oraz zaawansowane technologie, kt\u00f3re pozwalaj\u0105 jej oferowa\u0107 opony najwy\u017cszej jako\u015bci.Marka Arivo specjalizuje si\u0119 w produkcji opon do samochod\u00f3w osobowych, lekkich ci\u0119\u017car\u00f3wek, pojazd\u00f3w u\u017cytkowych oraz SUV-\u00f3w. Wszystkie produkty cechuj\u0105 si\u0119 nie tylko doskona\u0142\u0105 przyczepno\u015bci\u0105 i bezpiecze\u0144stwem na drodze, ale tak\u017ce komfortem jazdy i oszcz\u0119dno\u015bci\u0105 paliwa. Dzi\u0119ki zaawansowanym technologiom u\u017cywanym podczas produkcji, opony Arivo s\u0105 w stanie sprosta\u0107 r\u00f3\u017cnorodnym warunkom drogowym, zapewniaj\u0105c pewno\u015b\u0107 siebie i bezpiecze\u0144stwo zar\u00f3wno podczas jazdy po suchych, jak i mokrych nawierzchniach. Przyk\u0142adem niech b\u0119d\u0105 zaawansowane systemy zapobiegaj\u0105ce aquaplaningowi, technologie poprawiaj\u0105ce przyczepno\u015b\u0107 na mokrych nawierzchniach oraz konstrukcje zapewniaj\u0105ce stabilno\u015b\u0107 podczas hamowania. Firma Arivo k\u0142adzie r\u00f3wnie\u017c ogromny nacisk na innowacje i rozw\u00f3j, stale poszukuj\u0105c nowych rozwi\u0105za\u0144, kt\u00f3re mog\u0105 poprawi\u0107 jako\u015b\u0107 i wydajno\u015b\u0107 jej produkt\u00f3w. Dzi\u0119ki temu, opony Arivo s\u0105 cz\u0119sto wybierane przez kierowc\u00f3w, kt\u00f3rzy ceni\u0105 sobie nie tylko wysok\u0105 jako\u015b\u0107, ale tak\u017ce nowoczesny design i atrakcyjn\u0105 cen\u0119.Arivo to marka, kt\u00f3ra dba nie tylko o swoich klient\u00f3w, ale tak\u017ce o \u015brodowisko naturalne. Firma ta stosuje ekologiczne technologie produkcyjne oraz podejmuje dzia\u0142ania maj\u0105ce na celu minimalizacj\u0119 wp\u0142ywu jej dzia\u0142alno\u015bci na \u015brodowisko. Dzi\u0119ki temu, wybieraj\u0105c opony marki Arivo, mo\u017cesz mie\u0107 pewno\u015b\u0107, \u017ce przyczyniasz si\u0119 do ochrony naszej planety.Arivo to marka, kt\u00f3ra \u0142\u0105czy w sobie innowacyjno\u015b\u0107, jako\u015b\u0107 i dba\u0142o\u015b\u0107 o \u015brodowisko, oferuj\u0105c kierowcom opony, na kt\u00f3re zawsze mog\u0105 liczy\u0107.<\/p>\n<\/div>\n<\/div>\n<\/div>\n<div style=\"clear: both; display: block; margin: 10px 0;\">\n<div style=\"clear: both; display: block; margin: 10px 0;\">\n<div style=\"clear: both; display: block; margin: 10px 0;\">\n<div  style=\"max-width:1200px;max-height:1758px\">\n<div style=\"clear: both; display: block; margin: 10px 0;\">\n<div style=\"clear: both; width: 100%; display: block; margin: 20px 0; padding: 0; float: none; position: static; text-align: center;\"><img decoding=\"async\"  src=\"https:\/\/a.allegroimg.com\/original\/11256a\/78980ac24c13bc838b1cc083d443\/2x-ARIVO-ULTRA-ARZ-275-30R19-96-W-Marka-Arivo\" srcset=\"https:\/\/a.allegroimg.com\/original\/11256a\/78980ac24c13bc838b1cc083d443\/2x-ARIVO-ULTRA-ARZ-275-30R19-96-W-Marka-Arivo 245w,https:\/\/a.allegroimg.com\/original\/11256a\/78980ac24c13bc838b1cc083d443\/2x-ARIVO-ULTRA-ARZ-275-30R19-96-W-Marka-Arivo 491w,https:\/\/a.allegroimg.com\/original\/11256a\/78980ac24c13bc838b1cc083d443\/2x-ARIVO-ULTRA-ARZ-275-30R19-96-W-Marka-Arivo 698w,https:\/\/a.allegroimg.com\/original\/11256a\/78980ac24c13bc838b1cc083d443\/2x-ARIVO-ULTRA-ARZ-275-30R19-96-W-Marka-Arivo 982w,https:\/\/a.allegroimg.com\/original\/11256a\/78980ac24c13bc838b1cc083d443\/2x-ARIVO-ULTRA-ARZ-275-30R19-96-W-Marka-Arivo 1200w\" sizes=\"(min-width: 1200px) 560px, (min-width: 992px) 50vw, 100vw\" width=\"1200px\" alt=\"2x ARIVO ULTRA ARZ 275\/30R19 96 W Marka Arivo\" style=\"max-width: 100%; height: auto; display: block; margin: 0 auto;\"><\/div>\n<\/div>\n<\/div>\n<\/div>\n<\/div>\n<div style=\"clear: both; display: block; margin: 10px 0;\">\n<div style=\"clear: both; display: block; margin: 10px 0;\">\n<p style=\"margin: 15px 0; line-height: 1.8; clear: both; display: block; width: 100%; float: none; position: static;\">Dlaczego warto wybra\u0107 nasz\u0105 ofert\u0119?<\/p>\n<p style=\"margin: 15px 0; line-height: 1.8; clear: both; display: block; width: 100%; float: none; position: static;\">Jeste\u015bmy pasjonatami, kt\u00f3rzy dziel\u0105 si\u0119 swoj\u0105 wiedz\u0105 i zaanga\u017cowaniem, aby pom\u00f3c klientom w dokonaniu najlepszego wyboru opon.<\/p>\n<p style=\"margin: 15px 0; line-height: 1.8; clear: both; display: block; width: 100%; float: none; position: static;\">Oferujemy szeroki asortyment opon, obejmuj\u0105cy auta osobowe, dostawcze, ci\u0119\u017carowe, motocykle i opony przemys\u0142owe.Zapewniamy gwarancj\u0119 satysfakcji oraz bezpiecze\u0144stwo.<\/p>\n<p style=\"margin: 15px 0; line-height: 1.8; clear: both; display: block; width: 100%; float: none; position: static;\">Do\u0142\u0105cz do grona naszych zadowolonych klient\u00f3w i przekonaj si\u0119 o naszej jako\u015bci.<\/p>\n<p style=\"margin: 15px 0; line-height: 1.8; clear: both; display: block; width: 100%; float: none; position: static;\">ZAPRASZAMY DO ZAKUP\u00d3W.<\/p>\n<p style=\"margin: 15px 0; line-height: 1.8; clear: both; display: block; width: 100%; float: none; position: static;\">&nbsp;<\/p>\n<p style=\"margin: 15px 0; line-height: 1.8; clear: both; display: block; width: 100%; float: none; position: static;\">&nbsp;<\/p>\n<\/div>\n<\/div>\n<\/div>\n<\/div>\n<\/div>\n<\/div>\n<div style=\"clear: both; display: block; margin: 10px 0;\">\n","protected":false},"excerpt":{"rendered":"<p>2x ARIVO ULTRA ARZ 275\/30R19 96 W<\/p>\n<p>Letnie opony ARIVO ULTRA ARZ 5 275\/30 R19 96 W<\/p>\n<p>Opony ARIVO ULTRA ARZ 5 to znacz\u0105cy model w portfolio producenta.&nbsp;<\/p>\n<p>Stan:&nbsp;Nowy<\/p>\n<p>EAN:&nbsp;6938628272735<\/p>\n<p>Producent: ARIVO<\/p>\n<p>Model: ULTRA ARZ 5<\/p>\n<p>Rozmiar: 275\/30 R19<\/p>\n","protected":false},"featured_media":17485,"template":"","meta":{"_uag_custom_page_level_css":""},"product_brand":[449],"product_cat":[414,418,413,412],"product_tag":[],"class_list":{"0":"post-17484","1":"product","2":"type-product","3":"status-publish","4":"has-post-thumbnail","6":"product_brand-arivo","7":"product_cat-do-samochodow-osobowych-i-suv","8":"product_cat-letnie","9":"product_cat-opony","10":"product_cat-opony-i-felgi","12":"first","13":"instock","14":"shipping-taxable","15":"purchasable","16":"product-type-simple"},"uagb_featured_image_src":{"full":["https:\/\/oponaro.shop\/tire\/wp-content\/uploads\/2026\/01\/allegro-image-17484.jpg",920,1120,false],"thumbnail":["https:\/\/oponaro.shop\/tire\/wp-content\/uploads\/2026\/01\/allegro-image-17484-150x150.jpg",150,150,true],"medium":["https:\/\/oponaro.shop\/tire\/wp-content\/uploads\/2026\/01\/allegro-image-17484-246x300.jpg",246,300,true],"medium_large":["https:\/\/oponaro.shop\/tire\/wp-content\/uploads\/2026\/01\/allegro-image-17484-768x935.jpg",768,935,true],"large":["https:\/\/oponaro.shop\/tire\/wp-content\/uploads\/2026\/01\/allegro-image-17484-841x1024.jpg",841,1024,true],"1536x1536":["https:\/\/oponaro.shop\/tire\/wp-content\/uploads\/2026\/01\/allegro-image-17484.jpg",920,1120,false],"2048x2048":["https:\/\/oponaro.shop\/tire\/wp-content\/uploads\/2026\/01\/allegro-image-17484.jpg",920,1120,false],"woocommerce_thumbnail":["https:\/\/oponaro.shop\/tire\/wp-content\/uploads\/2026\/01\/allegro-image-17484-300x300.jpg",300,300,true],"woocommerce_single":["https:\/\/oponaro.shop\/tire\/wp-content\/uploads\/2026\/01\/allegro-image-17484-600x730.jpg",600,730,true],"woocommerce_gallery_thumbnail":["https:\/\/oponaro.shop\/tire\/wp-content\/uploads\/2026\/01\/allegro-image-17484-100x100.jpg",100,100,true]},"uagb_author_info":{"display_name":"admin","author_link":"https:\/\/oponaro.shop\/tire\/author\/"},"uagb_comment_info":0,"uagb_excerpt":"2x ARIVO ULTRA ARZ 275\/30R19 96 W Letnie opony ARIVO ULTRA ARZ 5 275\/30 R19 96 W Opony ARIVO ULTRA ARZ 5 to znacz\u0105cy model w portfolio producenta.&nbsp; Stan:&nbsp;Nowy EAN:&nbsp;6938628272735 Producent: ARIVO Model: ULTRA ARZ 5 Rozmiar: 275\/30 R19","_links":{"self":[{"href":"https:\/\/oponaro.shop\/tire\/wp-json\/wp\/v2\/product\/17484","targetHints":{"allow":["GET"]}}],"collection":[{"href":"https:\/\/oponaro.shop\/tire\/wp-json\/wp\/v2\/product"}],"about":[{"href":"https:\/\/oponaro.shop\/tire\/wp-json\/wp\/v2\/types\/product"}],"wp:featuredmedia":[{"embeddable":true,"href":"https:\/\/oponaro.shop\/tire\/wp-json\/wp\/v2\/media\/17485"}],"wp:attachment":[{"href":"https:\/\/oponaro.shop\/tire\/wp-json\/wp\/v2\/media?parent=17484"}],"wp:term":[{"taxonomy":"product_brand","embeddable":true,"href":"https:\/\/oponaro.shop\/tire\/wp-json\/wp\/v2\/product_brand?post=17484"},{"taxonomy":"product_cat","embeddable":true,"href":"https:\/\/oponaro.shop\/tire\/wp-json\/wp\/v2\/product_cat?post=17484"},{"taxonomy":"product_tag","embeddable":true,"href":"https:\/\/oponaro.shop\/tire\/wp-json\/wp\/v2\/product_tag?post=17484"}],"curies":[{"name":"wp","href":"https:\/\/api.w.org\/{rel}","templated":true}]}}