{"id":17486,"date":"2026-01-19T04:12:36","date_gmt":"2026-01-19T03:12:36","guid":{"rendered":"https:\/\/oponypoint.shop\/xef5\/produkt\/2x-opony-letnie-davanti-dx640-275-30r19-96y-xl-rant\/"},"modified":"2026-01-19T04:12:37","modified_gmt":"2026-01-19T03:12:37","slug":"2x-opony-letnie-davanti-dx640-275-30r19-96y-xl-rant","status":"publish","type":"product","link":"https:\/\/oponaro.shop\/tire\/produkt\/2x-opony-letnie-davanti-dx640-275-30r19-96y-xl-rant\/","title":{"rendered":"2x opony letnie Davanti DX640 275\/30R19 96Y XL rant"},"content":{"rendered":"<div style=\"font-family: Arial, sans-serif; line-height: 1.6; color: #333; padding: 20px; clear: both; display: block; width: 100%; float: none; position: static; overflow: hidden;\">\n<div style=\"clear: both; display: block; margin: 10px 0;\">\n<div style=\"clear: both; display: block; margin: 10px 0;\">\n<div style=\"clear: both; display: block; margin: 10px 0;\">\n<div  style=\"max-width:500px;max-height:88px\">\n<div style=\"clear: both; display: block; margin: 10px 0;\">\n<div style=\"clear: both; width: 100%; display: block; margin: 20px 0; padding: 0; float: none; position: static; text-align: center;\"><img decoding=\"async\"  src=\"https:\/\/a.allegroimg.com\/original\/110cbf\/591e59ac485a81210d3924f61503\/2x-opony-letnie-Davanti-DX640-275-30R19-96Y-XL-rant-Liczba-opon-w-ofercie-2-szt\" srcset=\"https:\/\/a.allegroimg.com\/original\/110cbf\/591e59ac485a81210d3924f61503\/2x-opony-letnie-Davanti-DX640-275-30R19-96Y-XL-rant-Liczba-opon-w-ofercie-2-szt 360w,https:\/\/a.allegroimg.com\/original\/110cbf\/591e59ac485a81210d3924f61503\/2x-opony-letnie-Davanti-DX640-275-30R19-96Y-XL-rant-Liczba-opon-w-ofercie-2-szt 500w,https:\/\/a.allegroimg.com\/original\/110cbf\/591e59ac485a81210d3924f61503\/2x-opony-letnie-Davanti-DX640-275-30R19-96Y-XL-rant-Liczba-opon-w-ofercie-2-szt 500w\" sizes=\"100vw\" width=\"500px\" alt=\"2x opony letnie Davanti DX640 275\/30R19 96Y XL rant Liczba opon w ofercie 2 szt.\" style=\"max-width: 100%; height: auto; display: block; margin: 0 auto;\"><\/div>\n<\/div>\n<\/div>\n<\/div>\n<\/div>\n<\/div>\n<div style=\"clear: both; display: block; margin: 10px 0;\">\n<div style=\"clear: both; display: block; margin: 10px 0;\">\n<div style=\"clear: both; display: block; margin: 10px 0;\">\n<h1>zestaw 2 sztuk nowych opon letnich<\/h1>\n<h1>Davanti DX640 275\/30R19 96Y XL FR<\/h1>\n<p style=\"margin: 15px 0; line-height: 1.8; clear: both; display: block; width: 100%; float: none; position: static;\">\n<\/div>\n<\/div>\n<\/div>\n<div style=\"clear: both; display: block; margin: 10px 0;\">\n<div style=\"clear: both; display: block; margin: 10px 0;\">\n<div style=\"clear: both; display: block; margin: 10px 0;\">\n<div  style=\"max-width:499px;max-height:741px\">\n<div style=\"clear: both; display: block; margin: 10px 0;\">\n<div style=\"clear: both; width: 100%; display: block; margin: 20px 0; padding: 0; float: none; position: static; text-align: center;\"><img decoding=\"async\"  src=\"https:\/\/a.allegroimg.com\/original\/118a82\/cb59fee64caa932475123eee6562\/2x-opony-letnie-Davanti-DX640-275-30R19-96Y-XL-rant\" srcset=\"https:\/\/a.allegroimg.com\/original\/118a82\/cb59fee64caa932475123eee6562\/2x-opony-letnie-Davanti-DX640-275-30R19-96Y-XL-rant 242w,https:\/\/a.allegroimg.com\/original\/118a82\/cb59fee64caa932475123eee6562\/2x-opony-letnie-Davanti-DX640-275-30R19-96Y-XL-rant 484w,https:\/\/a.allegroimg.com\/original\/118a82\/cb59fee64caa932475123eee6562\/2x-opony-letnie-Davanti-DX640-275-30R19-96Y-XL-rant 499w,https:\/\/a.allegroimg.com\/original\/118a82\/cb59fee64caa932475123eee6562\/2x-opony-letnie-Davanti-DX640-275-30R19-96Y-XL-rant 499w\" sizes=\"(min-width: 1200px) 560px, (min-width: 992px) 50vw, 100vw\" width=\"499px\" alt=\"2x opony letnie Davanti DX640 275\/30R19 96Y XL rant\" style=\"max-width: 100%; height: auto; display: block; margin: 0 auto;\"><\/div>\n<\/div>\n<\/div>\n<\/div>\n<\/div>\n<div style=\"clear: both; display: block; margin: 10px 0;\">\n<div style=\"clear: both; display: block; margin: 10px 0;\">\n<p style=\"margin: 15px 0; line-height: 1.8; clear: both; display: block; width: 100%; float: none; position: static;\"><b>Davanti DX640<\/b> to opony <b>letnie<\/b> przeznaczone do samochod\u00f3w <b>osobowych<\/b> oraz suv-\u00f3w. Produkt klasy bud\u017cetowej popularnej marki <b>Davanti<\/b>. Wysoka jako\u015b\u0107 w przyst\u0119pnej cenie. <\/p>\n<ul style=\"margin: 15px 0; padding-left: 20px; clear: both; display: block; width: 100%; float: none; position: static;\">\n<li style=\"margin: 5px 0; padding: 2px 0; clear: both; display: list-item; float: none; position: static;\">rok produkcji: nie starsze ni\u017c <b>2021<\/b><\/li>\n<li style=\"margin: 5px 0; padding: 2px 0; clear: both; display: list-item; float: none; position: static;\">opony <b>nowe<\/b>, oryginalne, z gwarancj\u0105<\/li>\n<li style=\"margin: 5px 0; padding: 2px 0; clear: both; display: list-item; float: none; position: static;\"><b>FR<\/b> &#8211; opony posiadaj\u0105 rant chroni\u0105cy felg\u0119<\/li>\n<li style=\"margin: 5px 0; padding: 2px 0; clear: both; display: list-item; float: none; position: static;\">opony wzmocnione <b>XL<\/b><\/li>\n<li style=\"margin: 5px 0; padding: 2px 0; clear: both; display: list-item; float: none; position: static;\">zapewniaj\u0105 cich\u0105 i p\u0142ynn\u0105 prac\u0119<\/li>\n<li style=\"margin: 5px 0; padding: 2px 0; clear: both; display: list-item; float: none; position: static;\">skutecznie niweluj\u0105 wp\u0142yw nier\u00f3wno\u015bci na drodze na komfort jazdy<\/li>\n<li style=\"margin: 5px 0; padding: 2px 0; clear: both; display: list-item; float: none; position: static;\">dostosowane do du\u017cych pr\u0119dko\u015bci<\/li>\n<li style=\"margin: 5px 0; padding: 2px 0; clear: both; display: list-item; float: none; position: static;\">doskona\u0142a trakcja, precyzyjne sterowanie<\/li>\n<li style=\"margin: 5px 0; padding: 2px 0; clear: both; display: list-item; float: none; position: static;\">bie\u017cnik zu\u017cywa si\u0119 r\u00f3wnomiernie<\/li>\n<li style=\"margin: 5px 0; padding: 2px 0; clear: both; display: list-item; float: none; position: static;\">kr\u00f3tka droga hamowania zar\u00f3wno na suchej jak i mokrej nawierzchni<\/li>\n<li style=\"margin: 5px 0; padding: 2px 0; clear: both; display: list-item; float: none; position: static;\">bardzo dobre odprowadzanie wody<\/li>\n<li style=\"margin: 5px 0; padding: 2px 0; clear: both; display: list-item; float: none; position: static;\">zabezpieczenie przed po\u015blizgiem na wodzie (aquaplaning)<\/li>\n<\/ul>\n<\/div>\n<\/div>\n<\/div>\n<div style=\"clear: both; display: block; margin: 10px 0;\">\n<div style=\"clear: both; display: block; margin: 10px 0;\">\n<div style=\"clear: both; display: block; margin: 10px 0;\">\n<div  style=\"max-width:480px;max-height:733px\">\n<div style=\"clear: both; display: block; margin: 10px 0;\">\n<div style=\"clear: both; width: 100%; display: block; margin: 20px 0; padding: 0; float: none; position: static; text-align: center;\"><img decoding=\"async\"  src=\"https:\/\/a.allegroimg.com\/original\/1128de\/793dc7ab4bd998a4abeebe7c96b9\/2x-opony-letnie-Davanti-DX640-275-30R19-96Y-XL-rant-Marka-Davanti\" srcset=\"https:\/\/a.allegroimg.com\/original\/1128de\/793dc7ab4bd998a4abeebe7c96b9\/2x-opony-letnie-Davanti-DX640-275-30R19-96Y-XL-rant-Marka-Davanti 235w,https:\/\/a.allegroimg.com\/original\/1128de\/793dc7ab4bd998a4abeebe7c96b9\/2x-opony-letnie-Davanti-DX640-275-30R19-96Y-XL-rant-Marka-Davanti 471w,https:\/\/a.allegroimg.com\/original\/1128de\/793dc7ab4bd998a4abeebe7c96b9\/2x-opony-letnie-Davanti-DX640-275-30R19-96Y-XL-rant-Marka-Davanti 480w,https:\/\/a.allegroimg.com\/original\/1128de\/793dc7ab4bd998a4abeebe7c96b9\/2x-opony-letnie-Davanti-DX640-275-30R19-96Y-XL-rant-Marka-Davanti 480w\" sizes=\"100vw\" width=\"480px\" alt=\"2x opony letnie Davanti DX640 275\/30R19 96Y XL rant Marka Davanti\" style=\"max-width: 100%; height: auto; display: block; margin: 0 auto;\"><\/div>\n<\/div>\n<\/div>\n<\/div>\n<\/div>\n<\/div>\n<\/div>\n<\/div>\n<\/div>\n<div style=\"clear: both; display: block; margin: 10px 0;\">\n","protected":false},"excerpt":{"rendered":"<p>zestaw 2 sztuk nowych opon letnich<\/p>\n<p>Davanti DX640 275\/30R19 96Y XL FR<\/p>\n<p>Davanti DX640 to opony letnie przeznaczone do samochod\u00f3w osobowych oraz suv-\u00f3w. Produkt klasy bud\u017cetowej popularnej marki Davanti. Wysoka jako\u015b\u0107 w przyst\u0119pnej cenie.<\/p>\n<p>rok produkcji: nie starsze ni\u017c 2021<\/p>\n<p>opony nowe, oryginalne, z gwarancj\u0105<\/p>\n<p>FR &#8211; opony posiadaj\u0105 rant chroni\u0105cy felg\u0119<\/p>\n<p>opony wzmocnione XL<\/p>\n<p>zapewniaj\u0105 cich\u0105 i p\u0142ynn\u0105 prac\u0119<\/p>\n","protected":false},"featured_media":17487,"template":"","meta":{"_uag_custom_page_level_css":""},"product_brand":[444],"product_cat":[414,418,413,412],"product_tag":[],"class_list":{"0":"post-17486","1":"product","2":"type-product","3":"status-publish","4":"has-post-thumbnail","6":"product_brand-davanti","7":"product_cat-do-samochodow-osobowych-i-suv","8":"product_cat-letnie","9":"product_cat-opony","10":"product_cat-opony-i-felgi","12":"first","13":"instock","14":"shipping-taxable","15":"purchasable","16":"product-type-simple"},"uagb_featured_image_src":{"full":["https:\/\/oponaro.shop\/tire\/wp-content\/uploads\/2026\/01\/allegro-image-17486.jpg",499,741,false],"thumbnail":["https:\/\/oponaro.shop\/tire\/wp-content\/uploads\/2026\/01\/allegro-image-17486-150x150.jpg",150,150,true],"medium":["https:\/\/oponaro.shop\/tire\/wp-content\/uploads\/2026\/01\/allegro-image-17486-202x300.jpg",202,300,true],"medium_large":["https:\/\/oponaro.shop\/tire\/wp-content\/uploads\/2026\/01\/allegro-image-17486.jpg",499,741,false],"large":["https:\/\/oponaro.shop\/tire\/wp-content\/uploads\/2026\/01\/allegro-image-17486.jpg",499,741,false],"1536x1536":["https:\/\/oponaro.shop\/tire\/wp-content\/uploads\/2026\/01\/allegro-image-17486.jpg",499,741,false],"2048x2048":["https:\/\/oponaro.shop\/tire\/wp-content\/uploads\/2026\/01\/allegro-image-17486.jpg",499,741,false],"woocommerce_thumbnail":["https:\/\/oponaro.shop\/tire\/wp-content\/uploads\/2026\/01\/allegro-image-17486-300x300.jpg",300,300,true],"woocommerce_single":["https:\/\/oponaro.shop\/tire\/wp-content\/uploads\/2026\/01\/allegro-image-17486.jpg",499,741,false],"woocommerce_gallery_thumbnail":["https:\/\/oponaro.shop\/tire\/wp-content\/uploads\/2026\/01\/allegro-image-17486-100x100.jpg",100,100,true]},"uagb_author_info":{"display_name":"admin","author_link":"https:\/\/oponaro.shop\/tire\/author\/"},"uagb_comment_info":0,"uagb_excerpt":"zestaw 2 sztuk nowych opon letnich Davanti DX640 275\/30R19 96Y XL FR Davanti DX640 to opony letnie przeznaczone do samochod\u00f3w osobowych oraz suv-\u00f3w. Produkt klasy bud\u017cetowej popularnej marki Davanti. Wysoka jako\u015b\u0107 w przyst\u0119pnej cenie. rok produkcji: nie starsze ni\u017c 2021 opony nowe, oryginalne, z gwarancj\u0105 FR - opony posiadaj\u0105 rant chroni\u0105cy felg\u0119 opony wzmocnione XL&hellip;","_links":{"self":[{"href":"https:\/\/oponaro.shop\/tire\/wp-json\/wp\/v2\/product\/17486","targetHints":{"allow":["GET"]}}],"collection":[{"href":"https:\/\/oponaro.shop\/tire\/wp-json\/wp\/v2\/product"}],"about":[{"href":"https:\/\/oponaro.shop\/tire\/wp-json\/wp\/v2\/types\/product"}],"wp:featuredmedia":[{"embeddable":true,"href":"https:\/\/oponaro.shop\/tire\/wp-json\/wp\/v2\/media\/17487"}],"wp:attachment":[{"href":"https:\/\/oponaro.shop\/tire\/wp-json\/wp\/v2\/media?parent=17486"}],"wp:term":[{"taxonomy":"product_brand","embeddable":true,"href":"https:\/\/oponaro.shop\/tire\/wp-json\/wp\/v2\/product_brand?post=17486"},{"taxonomy":"product_cat","embeddable":true,"href":"https:\/\/oponaro.shop\/tire\/wp-json\/wp\/v2\/product_cat?post=17486"},{"taxonomy":"product_tag","embeddable":true,"href":"https:\/\/oponaro.shop\/tire\/wp-json\/wp\/v2\/product_tag?post=17486"}],"curies":[{"name":"wp","href":"https:\/\/api.w.org\/{rel}","templated":true}]}}