{"id":17512,"date":"2026-01-19T04:12:44","date_gmt":"2026-01-19T03:12:44","guid":{"rendered":"https:\/\/oponypoint.shop\/xef5\/produkt\/2x-pirelli-pzero-pz4-285-30r21-100-y\/"},"modified":"2026-01-19T04:12:44","modified_gmt":"2026-01-19T03:12:44","slug":"2x-pirelli-pzero-pz4-285-30r21-100-y","status":"publish","type":"product","link":"https:\/\/oponaro.shop\/tire\/produkt\/2x-pirelli-pzero-pz4-285-30r21-100-y\/","title":{"rendered":"2x PIRELLI PZERO PZ4 285\/30R21 100 Y"},"content":{"rendered":"<div style=\"font-family: Arial, sans-serif; line-height: 1.6; color: #333; padding: 20px; clear: both; display: block; width: 100%; float: none; position: static; overflow: hidden;\">\n<div style=\"clear: both; display: block; margin: 10px 0;\">\n<div style=\"clear: both; display: block; margin: 10px 0;\">\n<div style=\"clear: both; display: block; margin: 10px 0;\">\n<h2>2x PIRELLI PZERO PZ4 285\/30R21 100 Y<\/h2>\n<\/div>\n<\/div>\n<\/div>\n<div style=\"clear: both; display: block; margin: 10px 0;\">\n<div style=\"clear: both; display: block; margin: 10px 0;\">\n<div style=\"clear: both; display: block; margin: 10px 0;\">\n<div  style=\"max-width:920px;max-height:1120px\">\n<div style=\"clear: both; display: block; margin: 10px 0;\">\n<div style=\"clear: both; width: 100%; display: block; margin: 20px 0; padding: 0; float: none; position: static; text-align: center;\"><img decoding=\"async\"  src=\"https:\/\/a.allegroimg.com\/original\/110a3f\/34a2c4d644748a92b70265449ceb\/2x-PIRELLI-PZERO-PZ4-285-30R21-100-Y\" srcset=\"https:\/\/a.allegroimg.com\/original\/110a3f\/34a2c4d644748a92b70265449ceb\/2x-PIRELLI-PZERO-PZ4-285-30R21-100-Y 295w,https:\/\/a.allegroimg.com\/original\/110a3f\/34a2c4d644748a92b70265449ceb\/2x-PIRELLI-PZERO-PZ4-285-30R21-100-Y 591w,https:\/\/a.allegroimg.com\/original\/110a3f\/34a2c4d644748a92b70265449ceb\/2x-PIRELLI-PZERO-PZ4-285-30R21-100-Y 841w,https:\/\/a.allegroimg.com\/original\/110a3f\/34a2c4d644748a92b70265449ceb\/2x-PIRELLI-PZERO-PZ4-285-30R21-100-Y 920w,https:\/\/a.allegroimg.com\/original\/110a3f\/34a2c4d644748a92b70265449ceb\/2x-PIRELLI-PZERO-PZ4-285-30R21-100-Y 920w\" sizes=\"(min-width: 1200px) 560px, (min-width: 992px) 50vw, 100vw\" width=\"920px\" alt=\"2x PIRELLI PZERO PZ4 285\/30R21 100 Y\" style=\"max-width: 100%; height: auto; display: block; margin: 0 auto;\"><\/div>\n<\/div>\n<\/div>\n<\/div>\n<\/div>\n<div style=\"clear: both; display: block; margin: 10px 0;\">\n<div style=\"clear: both; display: block; margin: 10px 0;\">\n<h2>Letnie opony PIRELLI PZERO PZ4 285\/30 R21 100 Y<\/h2>\n<p style=\"margin: 15px 0; line-height: 1.8; clear: both; display: block; width: 100%; float: none; position: static;\">Opony PIRELLI PZERO PZ4 to znacz\u0105cy model w portfolio producenta.&nbsp;<\/p>\n<p style=\"margin: 15px 0; line-height: 1.8; clear: both; display: block; width: 100%; float: none; position: static;\"> Opony klasy Premium s\u0105 wytwarzane z zastosowaniem najbardziej zaawansowanych technologii na \u015bwiecie.<\/p>\n<ul style=\"margin: 15px 0; padding-left: 20px; clear: both; display: block; width: 100%; float: none; position: static;\">\n<li style=\"margin: 5px 0; padding: 2px 0; clear: both; display: list-item; float: none; position: static;\"><b>Stan:<\/b>&nbsp;Nowy<\/li>\n<li style=\"margin: 5px 0; padding: 2px 0; clear: both; display: list-item; float: none; position: static;\"><b>EAN:<\/b>&nbsp;8019227392777<\/li>\n<li style=\"margin: 5px 0; padding: 2px 0; clear: both; display: list-item; float: none; position: static;\"><b>Producent:<\/b> PIRELLI<\/li>\n<li style=\"margin: 5px 0; padding: 2px 0; clear: both; display: list-item; float: none; position: static;\"><b>Model:<\/b> PZERO PZ4<\/li>\n<li style=\"margin: 5px 0; padding: 2px 0; clear: both; display: list-item; float: none; position: static;\"><b>Rozmiar:<\/b> 285\/30 R21<\/li>\n<li style=\"margin: 5px 0; padding: 2px 0; clear: both; display: list-item; float: none; position: static;\"><b>Indeks no\u015bno\u015bci:<\/b> 100<\/li>\n<li style=\"margin: 5px 0; padding: 2px 0; clear: both; display: list-item; float: none; position: static;\"><b>Indeks pr\u0119dko\u015bci:<\/b> Y<\/li>\n<li style=\"margin: 5px 0; padding: 2px 0; clear: both; display: list-item; float: none; position: static;\"><b>Ha\u0142as db:<\/b>&nbsp;73<\/li>\n<li style=\"margin: 5px 0; padding: 2px 0; clear: both; display: list-item; float: none; position: static;\"><b>Sezon:<\/b> Letnie<\/li>\n<li style=\"margin: 5px 0; padding: 2px 0; clear: both; display: list-item; float: none; position: static;\"><b>Rok produkcji:<\/b> nie starsze ni\u017c 36 miesi\u0119cy<\/li>\n<li style=\"margin: 5px 0; padding: 2px 0; clear: both; display: list-item; float: none; position: static;\"><b>Przeznaczenie:<\/b> Osobowe<\/li>\n<li style=\"margin: 5px 0; padding: 2px 0; clear: both; display: list-item; float: none; position: static;\"><b>Kl. przycz. na mokrej naw.:<\/b>&nbsp;B<\/li>\n<li style=\"margin: 5px 0; padding: 2px 0; clear: both; display: list-item; float: none; position: static;\"><b>Kl. efekt. paliwowej:&nbsp;<\/b>E<\/li>\n<\/ul>\n<\/div>\n<\/div>\n<\/div>\n<div style=\"clear: both; display: block; margin: 10px 0;\">\n<div style=\"clear: both; display: block; margin: 10px 0;\">\n<div style=\"clear: both; display: block; margin: 10px 0;\">\n<div  style=\"max-width:800px;max-height:209px\">\n<div style=\"clear: both; display: block; margin: 10px 0;\">\n<div style=\"clear: both; width: 100%; display: block; margin: 20px 0; padding: 0; float: none; position: static; text-align: center;\"><img decoding=\"async\"  src=\"https:\/\/a.allegroimg.com\/original\/117436\/0b49e15a4c4293eb213afcdc8296\/2x-PIRELLI-PZERO-PZ4-285-30R21-100-Y-Liczba-opon-w-ofercie-2-szt\" srcset=\"https:\/\/a.allegroimg.com\/original\/117436\/0b49e15a4c4293eb213afcdc8296\/2x-PIRELLI-PZERO-PZ4-285-30R21-100-Y-Liczba-opon-w-ofercie-2-szt 360w,https:\/\/a.allegroimg.com\/original\/117436\/0b49e15a4c4293eb213afcdc8296\/2x-PIRELLI-PZERO-PZ4-285-30R21-100-Y-Liczba-opon-w-ofercie-2-szt 720w,https:\/\/a.allegroimg.com\/original\/117436\/0b49e15a4c4293eb213afcdc8296\/2x-PIRELLI-PZERO-PZ4-285-30R21-100-Y-Liczba-opon-w-ofercie-2-szt 800w,https:\/\/a.allegroimg.com\/original\/117436\/0b49e15a4c4293eb213afcdc8296\/2x-PIRELLI-PZERO-PZ4-285-30R21-100-Y-Liczba-opon-w-ofercie-2-szt 800w\" sizes=\"100vw\" width=\"800px\" alt=\"2x PIRELLI PZERO PZ4 285\/30R21 100 Y Liczba opon w ofercie 2 szt.\" style=\"max-width: 100%; height: auto; display: block; margin: 0 auto;\"><\/div>\n<\/div>\n<\/div>\n<\/div>\n<\/div>\n<\/div>\n<div style=\"clear: both; display: block; margin: 10px 0;\">\n<div style=\"clear: both; display: block; margin: 10px 0;\">\n<div style=\"clear: both; display: block; margin: 10px 0;\">\n<p style=\"margin: 15px 0; line-height: 1.8; clear: both; display: block; width: 100%; float: none; position: static;\">Pirelli to jeden z najstarszych producent\u00f3w opon samochodowych w bran\u017cy oponiarskiej. Historia mediola\u0144skiego koncernu ma sw\u00f3j pocz\u0105tek w 1872 roku.<\/p>\n<p style=\"margin: 15px 0; line-height: 1.8; clear: both; display: block; width: 100%; float: none; position: static;\">Pomys\u0142odawc\u0105 i za\u0142o\u017cycielem marki by\u0142 Giovanni Battista Pirelli, w\u0142oski in\u017cynier i wizjoner, kt\u00f3ry przewidzia\u0142, jak znacz\u0105c\u0105 rol\u0119 w motoryzacyjnym \u015bwiecie spe\u0142ni ogumienie.<\/p>\n<p style=\"margin: 15px 0; line-height: 1.8; clear: both; display: block; width: 100%; float: none; position: static;\">Gama produkt\u00f3w koncernu sk\u0142ada si\u0119 z innowacyjnych rozwi\u0105za\u0144 w zakresie opon do samochod\u00f3w, motocykli i rower\u00f3w, dzi\u0119ki solidnej wsp\u00f3\u0142pracy z najbardziej presti\u017cowymi producentami.<\/p>\n<p style=\"margin: 15px 0; line-height: 1.8; clear: both; display: block; width: 100%; float: none; position: static;\">Wsp\u00f3\u0142praca ta pozwala Pirelli na opracowanie opon, w zale\u017cno\u015bci od modelu, kt\u00f3re s\u0105 dostosowane do specyficznych potrzeb najbardziej wyrafinowanych konsument\u00f3w<\/p>\n<p style=\"margin: 15px 0; line-height: 1.8; clear: both; display: block; width: 100%; float: none; position: static;\">Na pocz\u0105tku XX wieku Pirelli zas\u0142yn\u0105\u0142 jako producent wysokiej klasy opon do samochod\u00f3w wy\u015bcigowych. Od 2011 r. Pirelli jest dostawc\u0105 opon do aut Formu\u0142y 1 co potwierdza jako\u015b\u0107 ogumienia i zaanga\u017cowanie marki.<\/p>\n<p style=\"margin: 15px 0; line-height: 1.8; clear: both; display: block; width: 100%; float: none; position: static;\">Opony Pirelli to obecnie produkty premium, s\u0142yn\u0105ce przede wszystkim z przewidywalnego zachowania na drodze. Wybieraj\u0105c ogumienie w\u0142oskiego producenta, mo\u017cemy liczy\u0107 na pewne prowadzenie pojazdu, kr\u00f3tk\u0105 drog\u0119 hamowania i odpowiednie trzymanie si\u0119 auta w zakr\u0119tach.<\/p>\n<\/div>\n<\/div>\n<\/div>\n<div style=\"clear: both; display: block; margin: 10px 0;\">\n<div style=\"clear: both; display: block; margin: 10px 0;\">\n<div style=\"clear: both; display: block; margin: 10px 0;\">\n<div  style=\"max-width:1200px;max-height:1758px\">\n<div style=\"clear: both; display: block; margin: 10px 0;\">\n<div style=\"clear: both; width: 100%; display: block; margin: 20px 0; padding: 0; float: none; position: static; text-align: center;\"><img decoding=\"async\"  src=\"https:\/\/a.allegroimg.com\/original\/119aba\/d827a19a4f13b4b3b310f870dcdd\/2x-PIRELLI-PZERO-PZ4-285-30R21-100-Y-Marka-Pirelli\" srcset=\"https:\/\/a.allegroimg.com\/original\/119aba\/d827a19a4f13b4b3b310f870dcdd\/2x-PIRELLI-PZERO-PZ4-285-30R21-100-Y-Marka-Pirelli 245w,https:\/\/a.allegroimg.com\/original\/119aba\/d827a19a4f13b4b3b310f870dcdd\/2x-PIRELLI-PZERO-PZ4-285-30R21-100-Y-Marka-Pirelli 491w,https:\/\/a.allegroimg.com\/original\/119aba\/d827a19a4f13b4b3b310f870dcdd\/2x-PIRELLI-PZERO-PZ4-285-30R21-100-Y-Marka-Pirelli 698w,https:\/\/a.allegroimg.com\/original\/119aba\/d827a19a4f13b4b3b310f870dcdd\/2x-PIRELLI-PZERO-PZ4-285-30R21-100-Y-Marka-Pirelli 982w,https:\/\/a.allegroimg.com\/original\/119aba\/d827a19a4f13b4b3b310f870dcdd\/2x-PIRELLI-PZERO-PZ4-285-30R21-100-Y-Marka-Pirelli 1200w\" sizes=\"(min-width: 1200px) 560px, (min-width: 992px) 50vw, 100vw\" width=\"1200px\" alt=\"2x PIRELLI PZERO PZ4 285\/30R21 100 Y Marka Pirelli\" style=\"max-width: 100%; height: auto; display: block; margin: 0 auto;\"><\/div>\n<\/div>\n<\/div>\n<\/div>\n<\/div>\n<div style=\"clear: both; display: block; margin: 10px 0;\">\n<div style=\"clear: both; display: block; margin: 10px 0;\">\n<p style=\"margin: 15px 0; line-height: 1.8; clear: both; display: block; width: 100%; float: none; position: static;\">Dlaczego warto kupowa\u0107 u Nas ?<\/p>\n<p style=\"margin: 15px 0; line-height: 1.8; clear: both; display: block; width: 100%; float: none; position: static;\">Jeste\u015bmy firm\u0105, kt\u00f3ra na podstawie wieloletniego do\u015bwiadczenia z zaanga\u017cowaniem pomaga klientom w doborze oraz kupnie opon.<\/p>\n<p style=\"margin: 15px 0; line-height: 1.8; clear: both; display: block; width: 100%; float: none; position: static;\">Posiadamy szerok\u0105 game opon do aut osobowych, dostawczych, cie\u017carowych, motocyki jak i opon przemys\u0142owych.<\/p>\n<p style=\"margin: 15px 0; line-height: 1.8; clear: both; display: block; width: 100%; float: none; position: static;\">Gwarancja satysfakcjii oraz bezpiecznie przejechanych kilometr\u00f3w.<\/p>\n<p style=\"margin: 15px 0; line-height: 1.8; clear: both; display: block; width: 100%; float: none; position: static;\">Zosta\u0144 naszym kolejnym zadowolonym klientem.<\/p>\n<p style=\"margin: 15px 0; line-height: 1.8; clear: both; display: block; width: 100%; float: none; position: static;\">ZAPRASZAMY DO ZAKUP\u00d3W.<\/p>\n<\/div>\n<\/div>\n<\/div>\n<\/div>\n<\/div>\n<\/div>\n<div style=\"clear: both; display: block; margin: 10px 0;\">\n","protected":false},"excerpt":{"rendered":"<p>2x PIRELLI PZERO PZ4 285\/30R21 100 Y<\/p>\n<p>Letnie opony PIRELLI PZERO PZ4 285\/30 R21 100 Y<\/p>\n<p>Opony PIRELLI PZERO PZ4 to znacz\u0105cy model w portfolio producenta.&nbsp;<\/p>\n<p>Opony klasy Premium s\u0105 wytwarzane z zastosowaniem najbardziej zaawansowanych technologii na \u015bwiecie.<\/p>\n<p>Stan:&nbsp;Nowy<\/p>\n<p>EAN:&nbsp;8019227392777<\/p>\n<p>Producent: PIRELLI<\/p>\n<p>Model: PZERO PZ4<\/p>\n","protected":false},"featured_media":17513,"template":"","meta":{"_uag_custom_page_level_css":""},"product_brand":[433],"product_cat":[414,418,413,412],"product_tag":[],"class_list":{"0":"post-17512","1":"product","2":"type-product","3":"status-publish","4":"has-post-thumbnail","6":"product_brand-pirelli","7":"product_cat-do-samochodow-osobowych-i-suv","8":"product_cat-letnie","9":"product_cat-opony","10":"product_cat-opony-i-felgi","12":"first","13":"instock","14":"shipping-taxable","15":"purchasable","16":"product-type-simple"},"uagb_featured_image_src":{"full":["https:\/\/oponaro.shop\/tire\/wp-content\/uploads\/2026\/01\/allegro-image-17512.jpg",920,1120,false],"thumbnail":["https:\/\/oponaro.shop\/tire\/wp-content\/uploads\/2026\/01\/allegro-image-17512-150x150.jpg",150,150,true],"medium":["https:\/\/oponaro.shop\/tire\/wp-content\/uploads\/2026\/01\/allegro-image-17512-246x300.jpg",246,300,true],"medium_large":["https:\/\/oponaro.shop\/tire\/wp-content\/uploads\/2026\/01\/allegro-image-17512-768x935.jpg",768,935,true],"large":["https:\/\/oponaro.shop\/tire\/wp-content\/uploads\/2026\/01\/allegro-image-17512-841x1024.jpg",841,1024,true],"1536x1536":["https:\/\/oponaro.shop\/tire\/wp-content\/uploads\/2026\/01\/allegro-image-17512.jpg",920,1120,false],"2048x2048":["https:\/\/oponaro.shop\/tire\/wp-content\/uploads\/2026\/01\/allegro-image-17512.jpg",920,1120,false],"woocommerce_thumbnail":["https:\/\/oponaro.shop\/tire\/wp-content\/uploads\/2026\/01\/allegro-image-17512-300x300.jpg",300,300,true],"woocommerce_single":["https:\/\/oponaro.shop\/tire\/wp-content\/uploads\/2026\/01\/allegro-image-17512-600x730.jpg",600,730,true],"woocommerce_gallery_thumbnail":["https:\/\/oponaro.shop\/tire\/wp-content\/uploads\/2026\/01\/allegro-image-17512-100x100.jpg",100,100,true]},"uagb_author_info":{"display_name":"admin","author_link":"https:\/\/oponaro.shop\/tire\/author\/"},"uagb_comment_info":0,"uagb_excerpt":"2x PIRELLI PZERO PZ4 285\/30R21 100 Y Letnie opony PIRELLI PZERO PZ4 285\/30 R21 100 Y Opony PIRELLI PZERO PZ4 to znacz\u0105cy model w portfolio producenta.&nbsp; Opony klasy Premium s\u0105 wytwarzane z zastosowaniem najbardziej zaawansowanych technologii na \u015bwiecie. Stan:&nbsp;Nowy EAN:&nbsp;8019227392777 Producent: PIRELLI Model: PZERO PZ4","_links":{"self":[{"href":"https:\/\/oponaro.shop\/tire\/wp-json\/wp\/v2\/product\/17512","targetHints":{"allow":["GET"]}}],"collection":[{"href":"https:\/\/oponaro.shop\/tire\/wp-json\/wp\/v2\/product"}],"about":[{"href":"https:\/\/oponaro.shop\/tire\/wp-json\/wp\/v2\/types\/product"}],"wp:featuredmedia":[{"embeddable":true,"href":"https:\/\/oponaro.shop\/tire\/wp-json\/wp\/v2\/media\/17513"}],"wp:attachment":[{"href":"https:\/\/oponaro.shop\/tire\/wp-json\/wp\/v2\/media?parent=17512"}],"wp:term":[{"taxonomy":"product_brand","embeddable":true,"href":"https:\/\/oponaro.shop\/tire\/wp-json\/wp\/v2\/product_brand?post=17512"},{"taxonomy":"product_cat","embeddable":true,"href":"https:\/\/oponaro.shop\/tire\/wp-json\/wp\/v2\/product_cat?post=17512"},{"taxonomy":"product_tag","embeddable":true,"href":"https:\/\/oponaro.shop\/tire\/wp-json\/wp\/v2\/product_tag?post=17512"}],"curies":[{"name":"wp","href":"https:\/\/api.w.org\/{rel}","templated":true}]}}