{"id":17518,"date":"2026-01-19T04:12:45","date_gmt":"2026-01-19T03:12:45","guid":{"rendered":"https:\/\/oponypoint.shop\/xef5\/produkt\/4x-continental-ecocont-6-q-285-30r21-103-y\/"},"modified":"2026-01-19T04:12:46","modified_gmt":"2026-01-19T03:12:46","slug":"4x-continental-ecocont-6-q-285-30r21-103-y","status":"publish","type":"product","link":"https:\/\/oponaro.shop\/tire\/produkt\/4x-continental-ecocont-6-q-285-30r21-103-y\/","title":{"rendered":"4x Continental EcoCont 6 Q 285\/30R21 103 Y *"},"content":{"rendered":"<div style=\"font-family: Arial, sans-serif; line-height: 1.6; color: #333; padding: 20px; clear: both; display: block; width: 100%; float: none; position: static; overflow: hidden;\">\n<div style=\"clear: both; display: block; margin: 10px 0;\">\n<div style=\"clear: both; display: block; margin: 10px 0;\">\n<div style=\"clear: both; display: block; margin: 10px 0;\">\n<h1>Continental EcoContact 6 Q 285\/30 R21 103 Y XL FR *<\/h1>\n<h2>Rok produkcji: 2023<\/h2>\n<ul style=\"margin: 15px 0; padding-left: 20px; clear: both; display: block; width: 100%; float: none; position: static;\">\n<li style=\"margin: 5px 0; padding: 2px 0; clear: both; display: list-item; float: none; position: static;\">Producent: <b>Continental<\/b><\/li>\n<li style=\"margin: 5px 0; padding: 2px 0; clear: both; display: list-item; float: none; position: static;\">Model: <b>EcoContact 6 Q<\/b><\/li>\n<li style=\"margin: 5px 0; padding: 2px 0; clear: both; display: list-item; float: none; position: static;\">Rozmiar: <b>285\/30 R21<\/b><\/li>\n<li style=\"margin: 5px 0; padding: 2px 0; clear: both; display: list-item; float: none; position: static;\">Indeks pr\u0119dko\u015bci: <b>Y<\/b><\/li>\n<li style=\"margin: 5px 0; padding: 2px 0; clear: both; display: list-item; float: none; position: static;\">Indeks no\u015bno\u015bci: <b>103<\/b><\/li>\n<li style=\"margin: 5px 0; padding: 2px 0; clear: both; display: list-item; float: none; position: static;\">Opona wzmacniana: <b>XL<\/b><\/li>\n<\/ul>\n<\/div>\n<\/div>\n<\/div>\n<\/div>\n<\/div>\n<\/div>\n<div style=\"clear: both; display: block; margin: 10px 0;\">\n","protected":false},"excerpt":{"rendered":"<p>Continental EcoContact 6 Q 285\/30 R21 103 Y XL FR *<\/p>\n<p>Rok produkcji: 2023<\/p>\n<p>Producent: Continental<\/p>\n<p>Model: EcoContact 6 Q<\/p>\n<p>Rozmiar: 285\/30 R21<\/p>\n<p>Indeks pr\u0119dko\u015bci: Y<\/p>\n<p>Indeks no\u015bno\u015bci: 103<\/p>\n<p>Opona wzmacniana: XL<\/p>\n","protected":false},"featured_media":17519,"template":"","meta":{"_uag_custom_page_level_css":""},"product_brand":[396],"product_cat":[414,418,413,412],"product_tag":[],"class_list":{"0":"post-17518","1":"product","2":"type-product","3":"status-publish","4":"has-post-thumbnail","6":"product_brand-continental","7":"product_cat-do-samochodow-osobowych-i-suv","8":"product_cat-letnie","9":"product_cat-opony","10":"product_cat-opony-i-felgi","12":"first","13":"instock","14":"shipping-taxable","15":"purchasable","16":"product-type-simple"},"uagb_featured_image_src":{"full":["https:\/\/oponaro.shop\/tire\/wp-content\/uploads\/2026\/01\/allegro-image-17518.jpg",600,806,false],"thumbnail":["https:\/\/oponaro.shop\/tire\/wp-content\/uploads\/2026\/01\/allegro-image-17518-150x150.jpg",150,150,true],"medium":["https:\/\/oponaro.shop\/tire\/wp-content\/uploads\/2026\/01\/allegro-image-17518-223x300.jpg",223,300,true],"medium_large":["https:\/\/oponaro.shop\/tire\/wp-content\/uploads\/2026\/01\/allegro-image-17518.jpg",600,806,false],"large":["https:\/\/oponaro.shop\/tire\/wp-content\/uploads\/2026\/01\/allegro-image-17518.jpg",600,806,false],"1536x1536":["https:\/\/oponaro.shop\/tire\/wp-content\/uploads\/2026\/01\/allegro-image-17518.jpg",600,806,false],"2048x2048":["https:\/\/oponaro.shop\/tire\/wp-content\/uploads\/2026\/01\/allegro-image-17518.jpg",600,806,false],"woocommerce_thumbnail":["https:\/\/oponaro.shop\/tire\/wp-content\/uploads\/2026\/01\/allegro-image-17518-300x300.jpg",300,300,true],"woocommerce_single":["https:\/\/oponaro.shop\/tire\/wp-content\/uploads\/2026\/01\/allegro-image-17518.jpg",600,806,false],"woocommerce_gallery_thumbnail":["https:\/\/oponaro.shop\/tire\/wp-content\/uploads\/2026\/01\/allegro-image-17518-100x100.jpg",100,100,true]},"uagb_author_info":{"display_name":"admin","author_link":"https:\/\/oponaro.shop\/tire\/author\/"},"uagb_comment_info":0,"uagb_excerpt":"Continental EcoContact 6 Q 285\/30 R21 103 Y XL FR * Rok produkcji: 2023 Producent: Continental Model: EcoContact 6 Q Rozmiar: 285\/30 R21 Indeks pr\u0119dko\u015bci: Y Indeks no\u015bno\u015bci: 103 Opona wzmacniana: XL","_links":{"self":[{"href":"https:\/\/oponaro.shop\/tire\/wp-json\/wp\/v2\/product\/17518","targetHints":{"allow":["GET"]}}],"collection":[{"href":"https:\/\/oponaro.shop\/tire\/wp-json\/wp\/v2\/product"}],"about":[{"href":"https:\/\/oponaro.shop\/tire\/wp-json\/wp\/v2\/types\/product"}],"wp:featuredmedia":[{"embeddable":true,"href":"https:\/\/oponaro.shop\/tire\/wp-json\/wp\/v2\/media\/17519"}],"wp:attachment":[{"href":"https:\/\/oponaro.shop\/tire\/wp-json\/wp\/v2\/media?parent=17518"}],"wp:term":[{"taxonomy":"product_brand","embeddable":true,"href":"https:\/\/oponaro.shop\/tire\/wp-json\/wp\/v2\/product_brand?post=17518"},{"taxonomy":"product_cat","embeddable":true,"href":"https:\/\/oponaro.shop\/tire\/wp-json\/wp\/v2\/product_cat?post=17518"},{"taxonomy":"product_tag","embeddable":true,"href":"https:\/\/oponaro.shop\/tire\/wp-json\/wp\/v2\/product_tag?post=17518"}],"curies":[{"name":"wp","href":"https:\/\/api.w.org\/{rel}","templated":true}]}}