{"id":17526,"date":"2026-01-19T04:12:47","date_gmt":"2026-01-19T03:12:47","guid":{"rendered":"https:\/\/oponypoint.shop\/xef5\/produkt\/4x-aplus-a610-xl-275-45r22-112-w\/"},"modified":"2026-01-19T04:12:48","modified_gmt":"2026-01-19T03:12:48","slug":"4x-aplus-a610-xl-275-45r22-112-w","status":"publish","type":"product","link":"https:\/\/oponaro.shop\/tire\/produkt\/4x-aplus-a610-xl-275-45r22-112-w\/","title":{"rendered":"4x APLUS A610 XL 275\/45R22 112 W"},"content":{"rendered":"<div style=\"font-family: Arial, sans-serif; line-height: 1.6; color: #333; padding: 20px; clear: both; display: block; width: 100%; float: none; position: static; overflow: hidden;\">\n<div style=\"clear: both; display: block; margin: 10px 0;\">\n<div style=\"clear: both; display: block; margin: 10px 0;\">\n<div style=\"clear: both; display: block; margin: 10px 0;\">\n<h2>4x APLUS A610 XL 275\/45R22 112 W<\/h2>\n<\/div>\n<\/div>\n<\/div>\n<div style=\"clear: both; display: block; margin: 10px 0;\">\n<div style=\"clear: both; display: block; margin: 10px 0;\">\n<div style=\"clear: both; display: block; margin: 10px 0;\">\n<div  style=\"max-width:920px;max-height:1120px\">\n<div style=\"clear: both; display: block; margin: 10px 0;\">\n<div style=\"clear: both; width: 100%; display: block; margin: 20px 0; padding: 0; float: none; position: static; text-align: center;\"><img decoding=\"async\"  src=\"https:\/\/a.allegroimg.com\/original\/1137a1\/2cf3ade040faa7b6d6873e656819\/4x-APLUS-A610-XL-275-45R22-112-W\" srcset=\"https:\/\/a.allegroimg.com\/original\/1137a1\/2cf3ade040faa7b6d6873e656819\/4x-APLUS-A610-XL-275-45R22-112-W 295w,https:\/\/a.allegroimg.com\/original\/1137a1\/2cf3ade040faa7b6d6873e656819\/4x-APLUS-A610-XL-275-45R22-112-W 591w,https:\/\/a.allegroimg.com\/original\/1137a1\/2cf3ade040faa7b6d6873e656819\/4x-APLUS-A610-XL-275-45R22-112-W 841w,https:\/\/a.allegroimg.com\/original\/1137a1\/2cf3ade040faa7b6d6873e656819\/4x-APLUS-A610-XL-275-45R22-112-W 920w,https:\/\/a.allegroimg.com\/original\/1137a1\/2cf3ade040faa7b6d6873e656819\/4x-APLUS-A610-XL-275-45R22-112-W 920w\" sizes=\"(min-width: 1200px) 560px, (min-width: 992px) 50vw, 100vw\" width=\"920px\" alt=\"4x APLUS A610 XL 275\/45R22 112 W\" style=\"max-width: 100%; height: auto; display: block; margin: 0 auto;\"><\/div>\n<\/div>\n<\/div>\n<\/div>\n<\/div>\n<div style=\"clear: both; display: block; margin: 10px 0;\">\n<div style=\"clear: both; display: block; margin: 10px 0;\">\n<h2>Letnie opony APLUS A610 XL 275\/45 R22 112 W<\/h2>\n<p style=\"margin: 15px 0; line-height: 1.8; clear: both; display: block; width: 100%; float: none; position: static;\">Opony APLUS A610 XL to znacz\u0105cy model w portfolio producenta.&nbsp;<\/p>\n<p style=\"margin: 15px 0; line-height: 1.8; clear: both; display: block; width: 100%; float: none; position: static;\">Charakteryzuje si\u0119 optymalnym oporem toczenia. Opony klasy ekonomicznej maj\u0105 \u015bwietny stosunek jako\u015bci do ceny.<\/p>\n<ul style=\"margin: 15px 0; padding-left: 20px; clear: both; display: block; width: 100%; float: none; position: static;\">\n<li style=\"margin: 5px 0; padding: 2px 0; clear: both; display: list-item; float: none; position: static;\"><b>Stan:<\/b>&nbsp;Nowy<\/li>\n<li style=\"margin: 5px 0; padding: 2px 0; clear: both; display: list-item; float: none; position: static;\"><b>EAN:<\/b>&nbsp;6924064132429<\/li>\n<li style=\"margin: 5px 0; padding: 2px 0; clear: both; display: list-item; float: none; position: static;\"><b>Producent:<\/b> APLUS<\/li>\n<li style=\"margin: 5px 0; padding: 2px 0; clear: both; display: list-item; float: none; position: static;\"><b>Model:<\/b> A610 XL<\/li>\n<li style=\"margin: 5px 0; padding: 2px 0; clear: both; display: list-item; float: none; position: static;\"><b>Rozmiar:<\/b> 275\/45 R22<\/li>\n<li style=\"margin: 5px 0; padding: 2px 0; clear: both; display: list-item; float: none; position: static;\"><b>Indeks no\u015bno\u015bci:<\/b> 112<\/li>\n<li style=\"margin: 5px 0; padding: 2px 0; clear: both; display: list-item; float: none; position: static;\"><b>Indeks pr\u0119dko\u015bci:<\/b> W<\/li>\n<li style=\"margin: 5px 0; padding: 2px 0; clear: both; display: list-item; float: none; position: static;\"><b>Ha\u0142as db:<\/b>&nbsp;72<\/li>\n<li style=\"margin: 5px 0; padding: 2px 0; clear: both; display: list-item; float: none; position: static;\"><b>Sezon:<\/b> Letnie<\/li>\n<li style=\"margin: 5px 0; padding: 2px 0; clear: both; display: list-item; float: none; position: static;\"><b>Rok produkcji:<\/b> nie starsze ni\u017c 36 miesi\u0119cy<\/li>\n<li style=\"margin: 5px 0; padding: 2px 0; clear: both; display: list-item; float: none; position: static;\"><b>Przeznaczenie:<\/b> Osobowe<\/li>\n<li style=\"margin: 5px 0; padding: 2px 0; clear: both; display: list-item; float: none; position: static;\"><b>Kl. przycz. na mokrej naw.:<\/b>&nbsp;B<\/li>\n<li style=\"margin: 5px 0; padding: 2px 0; clear: both; display: list-item; float: none; position: static;\"><b>Kl. efekt. paliwowej:&nbsp;<\/b>C<\/li>\n<\/ul>\n<\/div>\n<\/div>\n<\/div>\n<div style=\"clear: both; display: block; margin: 10px 0;\">\n<div style=\"clear: both; display: block; margin: 10px 0;\">\n<div style=\"clear: both; display: block; margin: 10px 0;\">\n<div  style=\"max-width:611px;max-height:193px\">\n<div style=\"clear: both; display: block; margin: 10px 0;\">\n<div style=\"clear: both; width: 100%; display: block; margin: 20px 0; padding: 0; float: none; position: static; text-align: center;\"><img decoding=\"async\"  src=\"https:\/\/a.allegroimg.com\/original\/1194fa\/69b81aab4a23a4a442b8c5e23278\/4x-APLUS-A610-XL-275-45R22-112-W-Liczba-opon-w-ofercie-Komplet-4-szt\" srcset=\"https:\/\/a.allegroimg.com\/original\/1194fa\/69b81aab4a23a4a442b8c5e23278\/4x-APLUS-A610-XL-275-45R22-112-W-Liczba-opon-w-ofercie-Komplet-4-szt 360w,https:\/\/a.allegroimg.com\/original\/1194fa\/69b81aab4a23a4a442b8c5e23278\/4x-APLUS-A610-XL-275-45R22-112-W-Liczba-opon-w-ofercie-Komplet-4-szt 611w,https:\/\/a.allegroimg.com\/original\/1194fa\/69b81aab4a23a4a442b8c5e23278\/4x-APLUS-A610-XL-275-45R22-112-W-Liczba-opon-w-ofercie-Komplet-4-szt 611w\" sizes=\"100vw\" width=\"611px\" alt=\"4x APLUS A610 XL 275\/45R22 112 W Liczba opon w ofercie Komplet 4 szt.\" style=\"max-width: 100%; height: auto; display: block; margin: 0 auto;\"><\/div>\n<\/div>\n<\/div>\n<\/div>\n<\/div>\n<\/div>\n<div style=\"clear: both; display: block; margin: 10px 0;\">\n<div style=\"clear: both; display: block; margin: 10px 0;\">\n<div style=\"clear: both; display: block; margin: 10px 0;\">\n<p style=\"margin: 15px 0; line-height: 1.8; clear: both; display: block; width: 100%; float: none; position: static;\">Firma Aplus, nale\u017c\u0105ca do ShanDong Haohua Tire Co., jest producentem opon klasy ekonomicznej z Chin. Od oko\u0142o 20 lat marka ta oferuje wysokiej jako\u015bci opony w przyst\u0119pnej cenie.<\/p>\n<p style=\"margin: 15px 0; line-height: 1.8; clear: both; display: block; width: 100%; float: none; position: static;\">Ciekawym aspektem jest fakt, \u017ce firma Aplus k\u0142adzie nacisk na ekologi\u0119 i stosuje nowoczesne i przyjazne dla \u015brodowiska metody produkcji w swojej fabryce. Posiadanie nowoczesnego centrum rozwoju oraz zaawansowanej technologii pozwala marki Aplus projektowa\u0107 opony o wysokiej wydajno\u015bci i wytrzyma\u0142o\u015bci podczas jazdy.<\/p>\n<p style=\"margin: 15px 0; line-height: 1.8; clear: both; display: block; width: 100%; float: none; position: static;\">Aplus skupia si\u0119 na projektowaniu i produkcji wysokiej jako\u015bci opon w konkurencyjnej cenie. Ich podej\u015bcie opiera si\u0119 na ekologii, trwa\u0142o\u015bci i wydajno\u015bci, a filozofia marki skupia si\u0119 na spo\u0142ecznej odpowiedzialno\u015bci, technologii, jako\u015bci opon i satysfakcji z zakupu.<\/p>\n<\/div>\n<\/div>\n<\/div>\n<div style=\"clear: both; display: block; margin: 10px 0;\">\n<div style=\"clear: both; display: block; margin: 10px 0;\">\n<div style=\"clear: both; display: block; margin: 10px 0;\">\n<div  style=\"max-width:1200px;max-height:1758px\">\n<div style=\"clear: both; display: block; margin: 10px 0;\">\n<div style=\"clear: both; width: 100%; display: block; margin: 20px 0; padding: 0; float: none; position: static; text-align: center;\"><img decoding=\"async\"  src=\"https:\/\/a.allegroimg.com\/original\/11010a\/82e7fb6c4a37bfdae64bb6105e9d\/4x-APLUS-A610-XL-275-45R22-112-W-Marka-APlus\" srcset=\"https:\/\/a.allegroimg.com\/original\/11010a\/82e7fb6c4a37bfdae64bb6105e9d\/4x-APLUS-A610-XL-275-45R22-112-W-Marka-APlus 245w,https:\/\/a.allegroimg.com\/original\/11010a\/82e7fb6c4a37bfdae64bb6105e9d\/4x-APLUS-A610-XL-275-45R22-112-W-Marka-APlus 491w,https:\/\/a.allegroimg.com\/original\/11010a\/82e7fb6c4a37bfdae64bb6105e9d\/4x-APLUS-A610-XL-275-45R22-112-W-Marka-APlus 698w,https:\/\/a.allegroimg.com\/original\/11010a\/82e7fb6c4a37bfdae64bb6105e9d\/4x-APLUS-A610-XL-275-45R22-112-W-Marka-APlus 982w,https:\/\/a.allegroimg.com\/original\/11010a\/82e7fb6c4a37bfdae64bb6105e9d\/4x-APLUS-A610-XL-275-45R22-112-W-Marka-APlus 1200w\" sizes=\"(min-width: 1200px) 560px, (min-width: 992px) 50vw, 100vw\" width=\"1200px\" alt=\"4x APLUS A610 XL 275\/45R22 112 W Marka APlus\" style=\"max-width: 100%; height: auto; display: block; margin: 0 auto;\"><\/div>\n<\/div>\n<\/div>\n<\/div>\n<\/div>\n<div style=\"clear: both; display: block; margin: 10px 0;\">\n<div style=\"clear: both; display: block; margin: 10px 0;\">\n<p style=\"margin: 15px 0; line-height: 1.8; clear: both; display: block; width: 100%; float: none; position: static;\">Dlaczego warto kupowa\u0107 u Nas ?<\/p>\n<p style=\"margin: 15px 0; line-height: 1.8; clear: both; display: block; width: 100%; float: none; position: static;\">Jeste\u015bmy firm\u0105, kt\u00f3ra na podstawie wieloletniego do\u015bwiadczenia z zaanga\u017cowaniem pomaga klientom w doborze oraz kupnie opon.<\/p>\n<p style=\"margin: 15px 0; line-height: 1.8; clear: both; display: block; width: 100%; float: none; position: static;\">Posiadamy szerok\u0105 game opon do aut osobowych, dostawczych, cie\u017carowych, motocyki jak i opon przemys\u0142owych.<\/p>\n<p style=\"margin: 15px 0; line-height: 1.8; clear: both; display: block; width: 100%; float: none; position: static;\">Gwarancja satysfakcjii oraz bezpiecznie przejechanych kilometr\u00f3w.<\/p>\n<p style=\"margin: 15px 0; line-height: 1.8; clear: both; display: block; width: 100%; float: none; position: static;\">Zosta\u0144 naszym kolejnym zadowolonym klientem.<\/p>\n<p style=\"margin: 15px 0; line-height: 1.8; clear: both; display: block; width: 100%; float: none; position: static;\">ZAPRASZAMY DO ZAKUP\u00d3W.<\/p>\n<\/div>\n<\/div>\n<\/div>\n<\/div>\n<\/div>\n<\/div>\n<div style=\"clear: both; display: block; margin: 10px 0;\">\n","protected":false},"excerpt":{"rendered":"<p>4x APLUS A610 XL 275\/45R22 112 W<\/p>\n<p>Letnie opony APLUS A610 XL 275\/45 R22 112 W<\/p>\n<p>Opony APLUS A610 XL to znacz\u0105cy model w portfolio producenta.&nbsp;<\/p>\n<p>Charakteryzuje si\u0119 optymalnym oporem toczenia. Opony klasy ekonomicznej maj\u0105 \u015bwietny stosunek jako\u015bci do ceny.<\/p>\n<p>Stan:&nbsp;Nowy<\/p>\n<p>EAN:&nbsp;6924064132429<\/p>\n<p>Producent: APLUS<\/p>\n<p>Model: A610 XL<\/p>\n","protected":false},"featured_media":17527,"template":"","meta":{"_uag_custom_page_level_css":""},"product_brand":[395],"product_cat":[414,418,413,412],"product_tag":[],"class_list":{"0":"post-17526","1":"product","2":"type-product","3":"status-publish","4":"has-post-thumbnail","6":"product_brand-aplus","7":"product_cat-do-samochodow-osobowych-i-suv","8":"product_cat-letnie","9":"product_cat-opony","10":"product_cat-opony-i-felgi","12":"first","13":"instock","14":"shipping-taxable","15":"purchasable","16":"product-type-simple"},"uagb_featured_image_src":{"full":["https:\/\/oponaro.shop\/tire\/wp-content\/uploads\/2026\/01\/allegro-image-17526.jpg",920,1120,false],"thumbnail":["https:\/\/oponaro.shop\/tire\/wp-content\/uploads\/2026\/01\/allegro-image-17526-150x150.jpg",150,150,true],"medium":["https:\/\/oponaro.shop\/tire\/wp-content\/uploads\/2026\/01\/allegro-image-17526-246x300.jpg",246,300,true],"medium_large":["https:\/\/oponaro.shop\/tire\/wp-content\/uploads\/2026\/01\/allegro-image-17526-768x935.jpg",768,935,true],"large":["https:\/\/oponaro.shop\/tire\/wp-content\/uploads\/2026\/01\/allegro-image-17526-841x1024.jpg",841,1024,true],"1536x1536":["https:\/\/oponaro.shop\/tire\/wp-content\/uploads\/2026\/01\/allegro-image-17526.jpg",920,1120,false],"2048x2048":["https:\/\/oponaro.shop\/tire\/wp-content\/uploads\/2026\/01\/allegro-image-17526.jpg",920,1120,false],"woocommerce_thumbnail":["https:\/\/oponaro.shop\/tire\/wp-content\/uploads\/2026\/01\/allegro-image-17526-300x300.jpg",300,300,true],"woocommerce_single":["https:\/\/oponaro.shop\/tire\/wp-content\/uploads\/2026\/01\/allegro-image-17526-600x730.jpg",600,730,true],"woocommerce_gallery_thumbnail":["https:\/\/oponaro.shop\/tire\/wp-content\/uploads\/2026\/01\/allegro-image-17526-100x100.jpg",100,100,true]},"uagb_author_info":{"display_name":"admin","author_link":"https:\/\/oponaro.shop\/tire\/author\/"},"uagb_comment_info":0,"uagb_excerpt":"4x APLUS A610 XL 275\/45R22 112 W Letnie opony APLUS A610 XL 275\/45 R22 112 W Opony APLUS A610 XL to znacz\u0105cy model w portfolio producenta.&nbsp; Charakteryzuje si\u0119 optymalnym oporem toczenia. Opony klasy ekonomicznej maj\u0105 \u015bwietny stosunek jako\u015bci do ceny. Stan:&nbsp;Nowy EAN:&nbsp;6924064132429 Producent: APLUS Model: A610 XL","_links":{"self":[{"href":"https:\/\/oponaro.shop\/tire\/wp-json\/wp\/v2\/product\/17526","targetHints":{"allow":["GET"]}}],"collection":[{"href":"https:\/\/oponaro.shop\/tire\/wp-json\/wp\/v2\/product"}],"about":[{"href":"https:\/\/oponaro.shop\/tire\/wp-json\/wp\/v2\/types\/product"}],"wp:featuredmedia":[{"embeddable":true,"href":"https:\/\/oponaro.shop\/tire\/wp-json\/wp\/v2\/media\/17527"}],"wp:attachment":[{"href":"https:\/\/oponaro.shop\/tire\/wp-json\/wp\/v2\/media?parent=17526"}],"wp:term":[{"taxonomy":"product_brand","embeddable":true,"href":"https:\/\/oponaro.shop\/tire\/wp-json\/wp\/v2\/product_brand?post=17526"},{"taxonomy":"product_cat","embeddable":true,"href":"https:\/\/oponaro.shop\/tire\/wp-json\/wp\/v2\/product_cat?post=17526"},{"taxonomy":"product_tag","embeddable":true,"href":"https:\/\/oponaro.shop\/tire\/wp-json\/wp\/v2\/product_tag?post=17526"}],"curies":[{"name":"wp","href":"https:\/\/api.w.org\/{rel}","templated":true}]}}