{"id":17536,"date":"2026-01-19T04:12:50","date_gmt":"2026-01-19T03:12:50","guid":{"rendered":"https:\/\/oponypoint.shop\/xef5\/produkt\/2x-gripmax-suregrip-pro-sport-275-45r22-112y-xl\/"},"modified":"2026-01-19T04:12:51","modified_gmt":"2026-01-19T03:12:51","slug":"2x-gripmax-suregrip-pro-sport-275-45r22-112y-xl","status":"publish","type":"product","link":"https:\/\/oponaro.shop\/tire\/produkt\/2x-gripmax-suregrip-pro-sport-275-45r22-112y-xl\/","title":{"rendered":"2x Gripmax SureGrip Pro Sport 275\/45R22 112Y XL"},"content":{"rendered":"<div style=\"font-family: Arial, sans-serif; line-height: 1.6; color: #333; padding: 20px; clear: both; display: block; width: 100%; float: none; position: static; overflow: hidden;\">\n<div style=\"clear: both; display: block; margin: 10px 0;\">\n<div style=\"clear: both; display: block; margin: 10px 0;\">\n<div style=\"clear: both; display: block; margin: 10px 0;\">\n<h1>Gripmax SureGrip Pro Sport <\/h1>\n<h1>275\/45 R22 112Y do 300 km\/h<\/h1>\n<h2>Kod produktu: 8859291438496<\/h2>\n<p style=\"margin: 15px 0; line-height: 1.8; clear: both; display: block; width: 100%; float: none; position: static;\">SUREGRIP PRO SPORT  to opony asymetryczne, czyli sk\u0142adaj\u0105ce si\u0119 z dw\u00f3ch r\u00f3\u017cnych cz\u0119\u015bci. Zewn\u0119trzna strona bie\u017cnika odpowiada za osi\u0105gi na suchej nawierzchni i stabilno\u015b\u0107, natomiast wewn\u0119trzna jego cz\u0119\u015b\u0107 odpowiada za przyczepno\u015b\u0107 podczas hamowania na mokrej nawierzchni. Opony asymetryczne potrafi\u0105 dor\u00f3wnywa\u0107 osi\u0105gami oponom kierunkowym i symetrycznym. Jest to opona stworzony z my\u015bl\u0105 o wymagaj\u0105cych klientach ceni\u0105cych pewno\u015b\u0107 i bezpiecze\u0144stwo<\/p>\n<h2>Zgodnie z Polsk\u0105 Norm\u0105 PN-C-94300-7:1997 &#8222;Ogumienie. Pakowanie, przechowywanie i transport&#8221; opony nie s\u0105 starsze ni\u017c 36 miesi\u0119cy od daty produkcji<\/h2>\n<\/div>\n<\/div>\n<div style=\"clear: both; display: block; margin: 10px 0;\">\n<div style=\"clear: both; display: block; margin: 10px 0;\">\n<div  style=\"max-width:750px;max-height:1024px\">\n<div style=\"clear: both; display: block; margin: 10px 0;\">\n<div style=\"clear: both; width: 100%; display: block; margin: 20px 0; padding: 0; float: none; position: static; text-align: center;\"><img decoding=\"async\"  src=\"https:\/\/a.allegroimg.com\/original\/11af3b\/4784d5ca424d82705fb879cefdf2\/2x-Gripmax-SureGrip-Pro-Sport-275-45R22-112Y-XL\" srcset=\"https:\/\/a.allegroimg.com\/original\/11af3b\/4784d5ca424d82705fb879cefdf2\/2x-Gripmax-SureGrip-Pro-Sport-275-45R22-112Y-XL 263w,https:\/\/a.allegroimg.com\/original\/11af3b\/4784d5ca424d82705fb879cefdf2\/2x-Gripmax-SureGrip-Pro-Sport-275-45R22-112Y-XL 527w,https:\/\/a.allegroimg.com\/original\/11af3b\/4784d5ca424d82705fb879cefdf2\/2x-Gripmax-SureGrip-Pro-Sport-275-45R22-112Y-XL 750w,https:\/\/a.allegroimg.com\/original\/11af3b\/4784d5ca424d82705fb879cefdf2\/2x-Gripmax-SureGrip-Pro-Sport-275-45R22-112Y-XL 750w\" sizes=\"(min-width: 1200px) 560px, (min-width: 992px) 50vw, 100vw\" width=\"750px\" alt=\"2x Gripmax SureGrip Pro Sport 275\/45R22 112Y XL\" style=\"max-width: 100%; height: auto; display: block; margin: 0 auto;\"><\/div>\n<\/div>\n<\/div>\n<\/div>\n<\/div>\n<\/div>\n<div style=\"clear: both; display: block; margin: 10px 0;\">\n<div style=\"clear: both; display: block; margin: 10px 0;\">\n<div style=\"clear: both; display: block; margin: 10px 0;\">\n<div  style=\"max-width:212px;max-height:305px\">\n<div style=\"clear: both; display: block; margin: 10px 0;\">\n<div style=\"clear: both; width: 100%; display: block; margin: 20px 0; padding: 0; float: none; position: static; text-align: center;\"><img decoding=\"async\"  src=\"https:\/\/a.allegroimg.com\/original\/118776\/6d2b5a2a4190bc058325dd9d151a\/2x-Gripmax-SureGrip-Pro-Sport-275-45R22-112Y-XL-Liczba-opon-w-ofercie-2-szt\" srcset=\"https:\/\/a.allegroimg.com\/original\/118776\/6d2b5a2a4190bc058325dd9d151a\/2x-Gripmax-SureGrip-Pro-Sport-275-45R22-112Y-XL-Liczba-opon-w-ofercie-2-szt 212w,https:\/\/a.allegroimg.com\/original\/118776\/6d2b5a2a4190bc058325dd9d151a\/2x-Gripmax-SureGrip-Pro-Sport-275-45R22-112Y-XL-Liczba-opon-w-ofercie-2-szt 212w\" sizes=\"(min-width: 1200px) 560px, (min-width: 992px) 50vw, 100vw\" width=\"212px\" alt=\"2x Gripmax SureGrip Pro Sport 275\/45R22 112Y XL Liczba opon w ofercie 2 szt.\" style=\"max-width: 100%; height: auto; display: block; margin: 0 auto;\"><\/div>\n<\/div>\n<\/div>\n<\/div>\n<\/div>\n<div style=\"clear: both; display: block; margin: 10px 0;\">\n<div style=\"clear: both; display: block; margin: 10px 0;\">\n<h2>Marka: Gripmax<\/h2>\n<h2>Liczba opon w ofercie: 2<\/h2>\n<h2>Rok produkcji: <\/h2>\n<h2>Szeroko\u015b\u0107 opony: 275 mm<\/h2>\n<h2>Profil opony: 45<\/h2>\n<h2>\u015arednica: 22<\/h2>\n<h2>Indeks no\u015bno\u015bci: 112<\/h2>\n<h2>Indeks pr\u0119dko\u015bci: Y do 300 km\/h<\/h2>\n<h2>Op\u00f3r toczenia: Klasa C<\/h2>\n<h2>Przyczepno\u015b\u0107 na mokrej nawierzchni: Klasa A<\/h2>\n<h2>Ha\u0142as zewn\u0119trzny: 73 dB<\/h2>\n<h2>Kod producenta: 221024558<\/h2>\n<h2>Sezon: Letnie<\/h2>\n<\/div>\n<\/div>\n<\/div>\n<\/div>\n<\/div>\n<\/div>\n<div style=\"clear: both; display: block; margin: 10px 0;\">\n","protected":false},"excerpt":{"rendered":"<p>Gripmax SureGrip Pro Sport<\/p>\n<p>275\/45 R22 112Y do 300 km\/h<\/p>\n<p>Kod produktu: 8859291438496<\/p>\n<p>SUREGRIP PRO SPORT to opony asymetryczne, czyli sk\u0142adaj\u0105ce si\u0119 z dw\u00f3ch r\u00f3\u017cnych cz\u0119\u015bci. Zewn\u0119trzna strona bie\u017cnika odpowiada za osi\u0105gi na suchej nawierzchni i stabilno\u015b\u0107, natomiast wewn\u0119trzna jego cz\u0119\u015b\u0107 odpowiada za przyczepno\u015b\u0107 podczas hamowania na mokrej nawierzchni. Opony asymetryczne potrafi\u0105 dor\u00f3wnywa\u0107 osi\u0105gami oponom kierunkowym i symetrycznym. Jest to opona stworzony z my\u015bl\u0105 o wymagaj\u0105cych klientach ceni\u0105cych pewno\u015b\u0107 i bezpiecze\u0144stwo<\/p>\n","protected":false},"featured_media":17537,"template":"","meta":{"_uag_custom_page_level_css":""},"product_brand":[438],"product_cat":[414,418,413,412],"product_tag":[],"class_list":{"0":"post-17536","1":"product","2":"type-product","3":"status-publish","4":"has-post-thumbnail","6":"product_brand-gripmax","7":"product_cat-do-samochodow-osobowych-i-suv","8":"product_cat-letnie","9":"product_cat-opony","10":"product_cat-opony-i-felgi","12":"first","13":"instock","14":"shipping-taxable","15":"purchasable","16":"product-type-simple"},"uagb_featured_image_src":{"full":["https:\/\/oponaro.shop\/tire\/wp-content\/uploads\/2026\/01\/allegro-image-17536.jpg",750,1024,false],"thumbnail":["https:\/\/oponaro.shop\/tire\/wp-content\/uploads\/2026\/01\/allegro-image-17536-150x150.jpg",150,150,true],"medium":["https:\/\/oponaro.shop\/tire\/wp-content\/uploads\/2026\/01\/allegro-image-17536-220x300.jpg",220,300,true],"medium_large":["https:\/\/oponaro.shop\/tire\/wp-content\/uploads\/2026\/01\/allegro-image-17536.jpg",750,1024,false],"large":["https:\/\/oponaro.shop\/tire\/wp-content\/uploads\/2026\/01\/allegro-image-17536.jpg",750,1024,false],"1536x1536":["https:\/\/oponaro.shop\/tire\/wp-content\/uploads\/2026\/01\/allegro-image-17536.jpg",750,1024,false],"2048x2048":["https:\/\/oponaro.shop\/tire\/wp-content\/uploads\/2026\/01\/allegro-image-17536.jpg",750,1024,false],"woocommerce_thumbnail":["https:\/\/oponaro.shop\/tire\/wp-content\/uploads\/2026\/01\/allegro-image-17536-300x300.jpg",300,300,true],"woocommerce_single":["https:\/\/oponaro.shop\/tire\/wp-content\/uploads\/2026\/01\/allegro-image-17536-600x819.jpg",600,819,true],"woocommerce_gallery_thumbnail":["https:\/\/oponaro.shop\/tire\/wp-content\/uploads\/2026\/01\/allegro-image-17536-100x100.jpg",100,100,true]},"uagb_author_info":{"display_name":"admin","author_link":"https:\/\/oponaro.shop\/tire\/author\/"},"uagb_comment_info":0,"uagb_excerpt":"Gripmax SureGrip Pro Sport 275\/45 R22 112Y do 300 km\/h Kod produktu: 8859291438496 SUREGRIP PRO SPORT to opony asymetryczne, czyli sk\u0142adaj\u0105ce si\u0119 z dw\u00f3ch r\u00f3\u017cnych cz\u0119\u015bci. Zewn\u0119trzna strona bie\u017cnika odpowiada za osi\u0105gi na suchej nawierzchni i stabilno\u015b\u0107, natomiast wewn\u0119trzna jego cz\u0119\u015b\u0107 odpowiada za przyczepno\u015b\u0107 podczas hamowania na mokrej nawierzchni. Opony asymetryczne potrafi\u0105 dor\u00f3wnywa\u0107 osi\u0105gami oponom&hellip;","_links":{"self":[{"href":"https:\/\/oponaro.shop\/tire\/wp-json\/wp\/v2\/product\/17536","targetHints":{"allow":["GET"]}}],"collection":[{"href":"https:\/\/oponaro.shop\/tire\/wp-json\/wp\/v2\/product"}],"about":[{"href":"https:\/\/oponaro.shop\/tire\/wp-json\/wp\/v2\/types\/product"}],"wp:featuredmedia":[{"embeddable":true,"href":"https:\/\/oponaro.shop\/tire\/wp-json\/wp\/v2\/media\/17537"}],"wp:attachment":[{"href":"https:\/\/oponaro.shop\/tire\/wp-json\/wp\/v2\/media?parent=17536"}],"wp:term":[{"taxonomy":"product_brand","embeddable":true,"href":"https:\/\/oponaro.shop\/tire\/wp-json\/wp\/v2\/product_brand?post=17536"},{"taxonomy":"product_cat","embeddable":true,"href":"https:\/\/oponaro.shop\/tire\/wp-json\/wp\/v2\/product_cat?post=17536"},{"taxonomy":"product_tag","embeddable":true,"href":"https:\/\/oponaro.shop\/tire\/wp-json\/wp\/v2\/product_tag?post=17536"}],"curies":[{"name":"wp","href":"https:\/\/api.w.org\/{rel}","templated":true}]}}